{"id":6597,"date":"2021-04-05T00:50:09","date_gmt":"2021-04-04T22:50:09","guid":{"rendered":"http:\/\/tintosmart.it\/prodotto\/blanc\/"},"modified":"2025-01-28T10:49:29","modified_gmt":"2025-01-28T09:49:29","slug":"blanc","status":"publish","type":"product","link":"https:\/\/tintosmart.it\/fr\/produit\/blanc\/","title":{"rendered":"BLANC"},"content":{"rendered":"<p>Colorant \u00e0 l&rsquo;eau Blanc, sans Voc, c&rsquo;est-\u00e0-dire sans substances organiques volatiles nocives pour la sant\u00e9 de l&rsquo;applicateur et de l&rsquo;utilisateur final. Les colorants de la s\u00e9rie 8000 sont compatibles avec tous les produits \u00e0 base d&rsquo;eau et n&rsquo;interf\u00e8rent pas avec le s\u00e9chage et la rh\u00e9ologie du produit. Les particules de pigment sont finement broy\u00e9es afin de rendre les colorants hautement concentr\u00e9s, mats, fluides et non thixotropes. Colorant universel pour produits \u00e0 l&rsquo;eau et particuli\u00e8rement utilis\u00e9 pour colorer les bases transparentes destin\u00e9es \u00e0 la reproduction de couleurs Ral et de couleurs sombres et fortes<\/p>\n","protected":false},"excerpt":{"rendered":"<p>Colorant Universel Blanc \u00e0 l&rsquo;eau sans COV de 450ml pour la coloration des bases transparentes<\/p>\n","protected":false},"featured_media":8579,"comment_status":"closed","ping_status":"closed","template":"","meta":{"_acf_changed":false},"product_brand":[],"product_cat":[211],"product_tag":[],"class_list":{"0":"post-6597","1":"product","2":"type-product","3":"status-publish","4":"has-post-thumbnail","6":"product_cat-colorants","8":"first","9":"instock","10":"taxable","11":"shipping-taxable","12":"purchasable","13":"product-type-simple"},"acf":[],"_links":{"self":[{"href":"https:\/\/tintosmart.it\/fr\/wp-json\/wp\/v2\/product\/6597","targetHints":{"allow":["GET"]}}],"collection":[{"href":"https:\/\/tintosmart.it\/fr\/wp-json\/wp\/v2\/product"}],"about":[{"href":"https:\/\/tintosmart.it\/fr\/wp-json\/wp\/v2\/types\/product"}],"replies":[{"embeddable":true,"href":"https:\/\/tintosmart.it\/fr\/wp-json\/wp\/v2\/comments?post=6597"}],"wp:featuredmedia":[{"embeddable":true,"href":"https:\/\/tintosmart.it\/fr\/wp-json\/wp\/v2\/media\/8579"}],"wp:attachment":[{"href":"https:\/\/tintosmart.it\/fr\/wp-json\/wp\/v2\/media?parent=6597"}],"wp:term":[{"taxonomy":"product_brand","embeddable":true,"href":"https:\/\/tintosmart.it\/fr\/wp-json\/wp\/v2\/product_brand?post=6597"},{"taxonomy":"product_cat","embeddable":true,"href":"https:\/\/tintosmart.it\/fr\/wp-json\/wp\/v2\/product_cat?post=6597"},{"taxonomy":"product_tag","embeddable":true,"href":"https:\/\/tintosmart.it\/fr\/wp-json\/wp\/v2\/product_tag?post=6597"}],"curies":[{"name":"wp","href":"https:\/\/api.w.org\/{rel}","templated":true}]}}