{"id":6604,"date":"2021-04-02T12:00:09","date_gmt":"2021-04-02T10:00:09","guid":{"rendered":"http:\/\/tintosmart.it\/prodotto\/gemini\/"},"modified":"2025-01-28T16:09:47","modified_gmt":"2025-01-28T15:09:47","slug":"gemini","status":"publish","type":"product","link":"https:\/\/tintosmart.it\/fr\/produit\/gemini\/","title":{"rendered":"GEMINI"},"content":{"rendered":"<p style=\"text-align: center;\">Peinture lavable \u00e0 l&rsquo;eau caract\u00e9ris\u00e9e par une importante r\u00e9sistance aux frottements et \u00e0 l&rsquo;usure, ainsi que par une bonne d\u00e9perlance. En raison de la grande r\u00e9sistance \u00e0 l&rsquo;abrasion, il est possible de frotter les murs avec un simple tissu \u00e9ponge humide. Pour ces raisons, c&rsquo;est la peinture \u00e0 l&rsquo;eau id\u00e9ale pour la peinture de pi\u00e8ces de valeur telles que les chambres \u00e0 coucher, les salles de s\u00e9jour ou partout o\u00f9 une faible adh\u00e9rence de la salet\u00e9 et une finition de qualit\u00e9 sont requises.<\/p>\n","protected":false},"excerpt":{"rendered":"<p>Peinture \u00e0 l&rsquo;eau lavable pour int\u00e9rieur<\/p>\n","protected":false},"featured_media":10407,"comment_status":"closed","ping_status":"closed","template":"","meta":{"_acf_changed":false},"product_brand":[],"product_cat":[160],"product_tag":[],"class_list":{"0":"post-6604","1":"product","2":"type-product","3":"status-publish","4":"has-post-thumbnail","6":"product_cat-peintures-a-leau-et-emaux","8":"first","9":"instock","10":"taxable","11":"shipping-taxable","12":"purchasable","13":"product-type-variable","14":"has-default-attributes"},"acf":[],"_links":{"self":[{"href":"https:\/\/tintosmart.it\/fr\/wp-json\/wp\/v2\/product\/6604","targetHints":{"allow":["GET"]}}],"collection":[{"href":"https:\/\/tintosmart.it\/fr\/wp-json\/wp\/v2\/product"}],"about":[{"href":"https:\/\/tintosmart.it\/fr\/wp-json\/wp\/v2\/types\/product"}],"replies":[{"embeddable":true,"href":"https:\/\/tintosmart.it\/fr\/wp-json\/wp\/v2\/comments?post=6604"}],"wp:featuredmedia":[{"embeddable":true,"href":"https:\/\/tintosmart.it\/fr\/wp-json\/wp\/v2\/media\/10407"}],"wp:attachment":[{"href":"https:\/\/tintosmart.it\/fr\/wp-json\/wp\/v2\/media?parent=6604"}],"wp:term":[{"taxonomy":"product_brand","embeddable":true,"href":"https:\/\/tintosmart.it\/fr\/wp-json\/wp\/v2\/product_brand?post=6604"},{"taxonomy":"product_cat","embeddable":true,"href":"https:\/\/tintosmart.it\/fr\/wp-json\/wp\/v2\/product_cat?post=6604"},{"taxonomy":"product_tag","embeddable":true,"href":"https:\/\/tintosmart.it\/fr\/wp-json\/wp\/v2\/product_tag?post=6604"}],"curies":[{"name":"wp","href":"https:\/\/api.w.org\/{rel}","templated":true}]}}