{"id":6616,"date":"2021-04-03T12:00:59","date_gmt":"2021-04-03T10:00:59","guid":{"rendered":"http:\/\/tintosmart.it\/prodotto\/mercury\/"},"modified":"2025-01-28T16:16:53","modified_gmt":"2025-01-28T15:16:53","slug":"mercury","status":"publish","type":"product","link":"https:\/\/tintosmart.it\/fr\/produit\/mercury\/","title":{"rendered":"MERCURY"},"content":{"rendered":"<p style=\"text-align: center;\">Peinture \u00e0 l&rsquo;eau superlavable, adapt\u00e9e \u00e0 la peinture de toutes les pi\u00e8ces et de tous les environnements domestiques o\u00f9 il est n\u00e9cessaire d&rsquo;appliquer \u00e0 la fois des couleurs claires et des couleurs intenses sans d\u00e9coloration avec le temps. C&rsquo;est pour cette raison qu&rsquo;il est principalement utilis\u00e9 pour am\u00e9liorer les int\u00e9rieurs de valeur tels que les chambres \u00e0 coucher et les salles de s\u00e9jour. Cette peinture \u00e0 base d&rsquo;eau se caract\u00e9rise par un excellent pouvoir couvrant, une grande r\u00e9sistance aux lavages et aux frottements gr\u00e2ce \u00e0 sa formulation compos\u00e9e d&rsquo;une grande quantit\u00e9 de r\u00e9sine qui contribue \u00e9galement \u00e0 augmenter l&rsquo;impact esth\u00e9tique des murs. Il est appliqu\u00e9 sur des surfaces murales destin\u00e9es \u00e0 l&rsquo;int\u00e9rieur et \u00e0 l&rsquo;ext\u00e9rieur gr\u00e2ce \u00e0 sa bonne r\u00e9sistance aux agents atmosph\u00e9riques.<\/p>\n","protected":false},"excerpt":{"rendered":"<p>Peinture \u00e0 l&rsquo;eau superlavable pour l&rsquo;int\u00e9rieur et l&rsquo;ext\u00e9rieur<\/p>\n","protected":false},"featured_media":10403,"comment_status":"closed","ping_status":"closed","template":"","meta":{"_acf_changed":false},"product_brand":[],"product_cat":[160],"product_tag":[],"class_list":{"0":"post-6616","1":"product","2":"type-product","3":"status-publish","4":"has-post-thumbnail","6":"product_cat-peintures-a-leau-et-emaux","8":"first","9":"instock","10":"taxable","11":"shipping-taxable","12":"purchasable","13":"product-type-variable","14":"has-default-attributes"},"acf":[],"_links":{"self":[{"href":"https:\/\/tintosmart.it\/fr\/wp-json\/wp\/v2\/product\/6616","targetHints":{"allow":["GET"]}}],"collection":[{"href":"https:\/\/tintosmart.it\/fr\/wp-json\/wp\/v2\/product"}],"about":[{"href":"https:\/\/tintosmart.it\/fr\/wp-json\/wp\/v2\/types\/product"}],"replies":[{"embeddable":true,"href":"https:\/\/tintosmart.it\/fr\/wp-json\/wp\/v2\/comments?post=6616"}],"wp:featuredmedia":[{"embeddable":true,"href":"https:\/\/tintosmart.it\/fr\/wp-json\/wp\/v2\/media\/10403"}],"wp:attachment":[{"href":"https:\/\/tintosmart.it\/fr\/wp-json\/wp\/v2\/media?parent=6616"}],"wp:term":[{"taxonomy":"product_brand","embeddable":true,"href":"https:\/\/tintosmart.it\/fr\/wp-json\/wp\/v2\/product_brand?post=6616"},{"taxonomy":"product_cat","embeddable":true,"href":"https:\/\/tintosmart.it\/fr\/wp-json\/wp\/v2\/product_cat?post=6616"},{"taxonomy":"product_tag","embeddable":true,"href":"https:\/\/tintosmart.it\/fr\/wp-json\/wp\/v2\/product_tag?post=6616"}],"curies":[{"name":"wp","href":"https:\/\/api.w.org\/{rel}","templated":true}]}}