{"id":6628,"date":"2021-04-04T12:00:44","date_gmt":"2021-04-04T10:00:44","guid":{"rendered":"http:\/\/tintosmart.it\/prodotto\/kepler\/"},"modified":"2025-01-28T16:12:40","modified_gmt":"2025-01-28T15:12:40","slug":"kepler","status":"publish","type":"product","link":"https:\/\/tintosmart.it\/fr\/produit\/kepler\/","title":{"rendered":"KEPLER"},"content":{"rendered":"<p style=\"text-align: center;\">Kepler est un \u00e9mail mural mat \u00e0 l&rsquo;eau formul\u00e9 avec des r\u00e9sines acryliques et id\u00e9al pour peindre les murs int\u00e9rieurs. En raison de la grande quantit\u00e9 de r\u00e9sine dont il est \u00e9quip\u00e9, le film de peinture du produit permet de former un effet de barri\u00e8re \u00e9lev\u00e9 capable de r\u00e9sister \u00e0 la salet\u00e9, \u00e0 la poussi\u00e8re et aux taches de caf\u00e9, d&rsquo;huile, de vin, de graisse, etc. en rendant tr\u00e9s facile le d\u00e9tachage. De plus, il se caract\u00e9rise par sa facilit\u00e9 d&rsquo;application au rouleau et au pinceau.<\/p>\n","protected":false},"excerpt":{"rendered":"<p>\u00c9mail mural mat \u00e0 l&rsquo;eau pour l&rsquo;int\u00e9rieur<\/p>\n","protected":false},"featured_media":10411,"comment_status":"closed","ping_status":"closed","template":"","meta":{"_acf_changed":false},"product_brand":[],"product_cat":[160],"product_tag":[],"class_list":{"0":"post-6628","1":"product","2":"type-product","3":"status-publish","4":"has-post-thumbnail","6":"product_cat-peintures-a-leau-et-emaux","8":"first","9":"instock","10":"taxable","11":"shipping-taxable","12":"purchasable","13":"product-type-variable","14":"has-default-attributes"},"acf":[],"_links":{"self":[{"href":"https:\/\/tintosmart.it\/fr\/wp-json\/wp\/v2\/product\/6628","targetHints":{"allow":["GET"]}}],"collection":[{"href":"https:\/\/tintosmart.it\/fr\/wp-json\/wp\/v2\/product"}],"about":[{"href":"https:\/\/tintosmart.it\/fr\/wp-json\/wp\/v2\/types\/product"}],"replies":[{"embeddable":true,"href":"https:\/\/tintosmart.it\/fr\/wp-json\/wp\/v2\/comments?post=6628"}],"wp:featuredmedia":[{"embeddable":true,"href":"https:\/\/tintosmart.it\/fr\/wp-json\/wp\/v2\/media\/10411"}],"wp:attachment":[{"href":"https:\/\/tintosmart.it\/fr\/wp-json\/wp\/v2\/media?parent=6628"}],"wp:term":[{"taxonomy":"product_brand","embeddable":true,"href":"https:\/\/tintosmart.it\/fr\/wp-json\/wp\/v2\/product_brand?post=6628"},{"taxonomy":"product_cat","embeddable":true,"href":"https:\/\/tintosmart.it\/fr\/wp-json\/wp\/v2\/product_cat?post=6628"},{"taxonomy":"product_tag","embeddable":true,"href":"https:\/\/tintosmart.it\/fr\/wp-json\/wp\/v2\/product_tag?post=6628"}],"curies":[{"name":"wp","href":"https:\/\/api.w.org\/{rel}","templated":true}]}}