{"id":6637,"date":"2021-04-07T12:00:53","date_gmt":"2021-04-07T10:00:53","guid":{"rendered":"http:\/\/tintosmart.it\/prodotto\/lunar\/"},"modified":"2025-11-04T12:54:48","modified_gmt":"2025-11-04T11:54:48","slug":"lunar","status":"publish","type":"product","link":"https:\/\/tintosmart.it\/fr\/produit\/lunar\/","title":{"rendered":"LUNAR"},"content":{"rendered":"<p style=\"text-align: center;\">Lunar est une finition acrylique d\u00e9corative \u00e0 l&rsquo;eau avec un effet materique mat et nacr\u00e9. Le produit se caract\u00e9rise par une bonne r\u00e9sistance aux salissures et une r\u00e9sistance m\u00e9canique et au lavage \u00e9lev\u00e9e, qui permettent de maintenir la finition dans le temps. Il peut \u00eatre reproduit dans une large gamme chromatique de mani\u00e8re \u00e0 permettre l&rsquo;obtention de couleurs l\u00e9g\u00e8res, lumineuses et intenses qui donnent aux murs des effets raffin\u00e9s et \u00e9l\u00e9gants.<\/p>\n","protected":false},"excerpt":{"rendered":"<p>Finition d\u00e9corative \u00e0 l&rsquo;eau avec un effet materique mat<\/p>\n","protected":false},"featured_media":10386,"comment_status":"closed","ping_status":"closed","template":"","meta":{"_acf_changed":false},"product_brand":[],"product_cat":[213],"product_tag":[],"class_list":{"0":"post-6637","1":"product","2":"type-product","3":"status-publish","4":"has-post-thumbnail","6":"product_cat-decoratives","8":"first","9":"instock","10":"taxable","11":"shipping-taxable","12":"purchasable","13":"product-type-variable","14":"has-default-attributes"},"acf":[],"_links":{"self":[{"href":"https:\/\/tintosmart.it\/fr\/wp-json\/wp\/v2\/product\/6637","targetHints":{"allow":["GET"]}}],"collection":[{"href":"https:\/\/tintosmart.it\/fr\/wp-json\/wp\/v2\/product"}],"about":[{"href":"https:\/\/tintosmart.it\/fr\/wp-json\/wp\/v2\/types\/product"}],"replies":[{"embeddable":true,"href":"https:\/\/tintosmart.it\/fr\/wp-json\/wp\/v2\/comments?post=6637"}],"wp:featuredmedia":[{"embeddable":true,"href":"https:\/\/tintosmart.it\/fr\/wp-json\/wp\/v2\/media\/10386"}],"wp:attachment":[{"href":"https:\/\/tintosmart.it\/fr\/wp-json\/wp\/v2\/media?parent=6637"}],"wp:term":[{"taxonomy":"product_brand","embeddable":true,"href":"https:\/\/tintosmart.it\/fr\/wp-json\/wp\/v2\/product_brand?post=6637"},{"taxonomy":"product_cat","embeddable":true,"href":"https:\/\/tintosmart.it\/fr\/wp-json\/wp\/v2\/product_cat?post=6637"},{"taxonomy":"product_tag","embeddable":true,"href":"https:\/\/tintosmart.it\/fr\/wp-json\/wp\/v2\/product_tag?post=6637"}],"curies":[{"name":"wp","href":"https:\/\/api.w.org\/{rel}","templated":true}]}}