{"id":6646,"date":"2021-04-08T12:00:55","date_gmt":"2021-04-08T10:00:55","guid":{"rendered":"http:\/\/tintosmart.it\/prodotto\/echo\/"},"modified":"2025-11-04T12:54:25","modified_gmt":"2025-11-04T11:54:25","slug":"echo","status":"publish","type":"product","link":"https:\/\/tintosmart.it\/fr\/produit\/echo\/","title":{"rendered":"ECHO"},"content":{"rendered":"<p style=\"text-align: center;\">Echo est une finition acrylique d\u00e9corative \u00e0 l&rsquo;eau avec un effet m\u00e9tallique y un aspect sabl\u00e9 et lumineux. Le produit se caract\u00e9rise par une facilit\u00e9 d&rsquo;application et une r\u00e9sistance m\u00e9canique \u00e9lev\u00e9e qui permet le maintien de la finition dans le temps. Il peut \u00eatre reproduit dans une large gamme chromatique de mani\u00e8re \u00e0 permettre l&rsquo;obtention de couleurs scintillantes, iris\u00e9es et nacr\u00e9es incrust\u00e9es de d\u00e9tails l\u00e9g\u00e8rement grenaill\u00e9s.<\/p>\n","protected":false},"excerpt":{"rendered":"<p>Finition d\u00e9corative \u00e0 l&rsquo;eau avec effet m\u00e9tallis\u00e9<\/p>\n","protected":false},"featured_media":10391,"comment_status":"closed","ping_status":"closed","template":"","meta":{"_acf_changed":false},"product_brand":[],"product_cat":[213],"product_tag":[],"class_list":{"0":"post-6646","1":"product","2":"type-product","3":"status-publish","4":"has-post-thumbnail","6":"product_cat-decoratives","8":"first","9":"instock","10":"taxable","11":"shipping-taxable","12":"purchasable","13":"product-type-variable","14":"has-default-attributes"},"acf":[],"_links":{"self":[{"href":"https:\/\/tintosmart.it\/fr\/wp-json\/wp\/v2\/product\/6646","targetHints":{"allow":["GET"]}}],"collection":[{"href":"https:\/\/tintosmart.it\/fr\/wp-json\/wp\/v2\/product"}],"about":[{"href":"https:\/\/tintosmart.it\/fr\/wp-json\/wp\/v2\/types\/product"}],"replies":[{"embeddable":true,"href":"https:\/\/tintosmart.it\/fr\/wp-json\/wp\/v2\/comments?post=6646"}],"wp:featuredmedia":[{"embeddable":true,"href":"https:\/\/tintosmart.it\/fr\/wp-json\/wp\/v2\/media\/10391"}],"wp:attachment":[{"href":"https:\/\/tintosmart.it\/fr\/wp-json\/wp\/v2\/media?parent=6646"}],"wp:term":[{"taxonomy":"product_brand","embeddable":true,"href":"https:\/\/tintosmart.it\/fr\/wp-json\/wp\/v2\/product_brand?post=6646"},{"taxonomy":"product_cat","embeddable":true,"href":"https:\/\/tintosmart.it\/fr\/wp-json\/wp\/v2\/product_cat?post=6646"},{"taxonomy":"product_tag","embeddable":true,"href":"https:\/\/tintosmart.it\/fr\/wp-json\/wp\/v2\/product_tag?post=6646"}],"curies":[{"name":"wp","href":"https:\/\/api.w.org\/{rel}","templated":true}]}}