{"id":6655,"date":"2021-04-09T12:00:08","date_gmt":"2021-04-09T10:00:08","guid":{"rendered":"http:\/\/tintosmart.it\/prodotto\/vega\/"},"modified":"2025-11-04T12:54:05","modified_gmt":"2025-11-04T11:54:05","slug":"vega","status":"publish","type":"product","link":"https:\/\/tintosmart.it\/fr\/produit\/vega\/","title":{"rendered":"VEGA"},"content":{"rendered":"<p style=\"text-align: center;\">Vega est une finition acrylique d\u00e9corative \u00e0 l&rsquo;eau avec un effet soyeux et un toucher velout\u00e9 et doux. Le produit se caract\u00e9rise par une r\u00e9sistance m\u00e9canique \u00e9lev\u00e9e et une r\u00e9sistance au lavage qui permettent le maintien de la finition dans le temps. Il peut \u00eatre reproduit dans une large gamme chromatique de mani\u00e8re \u00e0 permettre l&rsquo;obtention de couleurs gracieux et voyants en m\u00eame temps, en fonction de la teinte choisie. L&rsquo;effet cr\u00e9\u00e9 rappelle celui typique de la soie avec des reflets \u00e9l\u00e9gants et pr\u00e9cieux.<\/p>\n","protected":false},"excerpt":{"rendered":"<p>Finition d\u00e9corative \u00e0 l&rsquo;eau avec un effet soyeux<\/p>\n","protected":false},"featured_media":10395,"comment_status":"closed","ping_status":"closed","template":"","meta":{"_acf_changed":false},"product_brand":[],"product_cat":[213],"product_tag":[],"class_list":{"0":"post-6655","1":"product","2":"type-product","3":"status-publish","4":"has-post-thumbnail","6":"product_cat-decoratives","8":"first","9":"instock","10":"taxable","11":"shipping-taxable","12":"purchasable","13":"product-type-variable","14":"has-default-attributes"},"acf":[],"_links":{"self":[{"href":"https:\/\/tintosmart.it\/fr\/wp-json\/wp\/v2\/product\/6655","targetHints":{"allow":["GET"]}}],"collection":[{"href":"https:\/\/tintosmart.it\/fr\/wp-json\/wp\/v2\/product"}],"about":[{"href":"https:\/\/tintosmart.it\/fr\/wp-json\/wp\/v2\/types\/product"}],"replies":[{"embeddable":true,"href":"https:\/\/tintosmart.it\/fr\/wp-json\/wp\/v2\/comments?post=6655"}],"wp:featuredmedia":[{"embeddable":true,"href":"https:\/\/tintosmart.it\/fr\/wp-json\/wp\/v2\/media\/10395"}],"wp:attachment":[{"href":"https:\/\/tintosmart.it\/fr\/wp-json\/wp\/v2\/media?parent=6655"}],"wp:term":[{"taxonomy":"product_brand","embeddable":true,"href":"https:\/\/tintosmart.it\/fr\/wp-json\/wp\/v2\/product_brand?post=6655"},{"taxonomy":"product_cat","embeddable":true,"href":"https:\/\/tintosmart.it\/fr\/wp-json\/wp\/v2\/product_cat?post=6655"},{"taxonomy":"product_tag","embeddable":true,"href":"https:\/\/tintosmart.it\/fr\/wp-json\/wp\/v2\/product_tag?post=6655"}],"curies":[{"name":"wp","href":"https:\/\/api.w.org\/{rel}","templated":true}]}}