{"id":6660,"date":"2021-04-16T10:10:02","date_gmt":"2021-04-16T08:10:02","guid":{"rendered":"http:\/\/tintosmart.it\/prodotto\/feuilles-pour-test-de-couleur\/"},"modified":"2022-01-26T15:00:09","modified_gmt":"2022-01-26T14:00:09","slug":"feuilles-pour-test-de-couleur","status":"publish","type":"product","link":"https:\/\/tintosmart.it\/fr\/produit\/feuilles-pour-test-de-couleur\/","title":{"rendered":"FEUILLES POUR TEST DE COULEUR"},"content":{"rendered":"<p>Les plaquettes &#8211; les cartes de couleurs sont ins\u00e9r\u00e9es \u00e0 l&rsquo;int\u00e9rieur du classeur de couleurs personnalis\u00e9 et les formules personnalis\u00e9es \u00e0 l&rsquo;ext\u00e9rieur des dossiers de la collection TintoSmart. Il est possible d&rsquo;enregistrer les donn\u00e9es relatives \u00e0 la formule personnelle et au client de r\u00e9f\u00e9rence au dos de la carte, puis d&rsquo;appliquer la couleur cr\u00e9\u00e9e \u00e0 la spatule au recto de la carte. Il est \u00e9galement n\u00e9cessaire d&rsquo;appliquer la peinture \u00e0 l&rsquo;eau ou l&rsquo;\u00e9mail mural une fois color\u00e9, afin d&rsquo;obtenir une confirmation visuelle imm\u00e9diate avant de l&rsquo;appliquer sur la surface.<\/p>\n","protected":false},"excerpt":{"rendered":"<p>Cartes de couleurs pour \u00e9preuves de nuances et pour le stockage des formules personnalis\u00e9es<\/p>\n","protected":false},"featured_media":8642,"comment_status":"closed","ping_status":"closed","template":"","meta":{"_acf_changed":false},"product_brand":[],"product_cat":[219],"product_tag":[],"class_list":{"0":"post-6660","1":"product","2":"type-product","3":"status-publish","4":"has-post-thumbnail","6":"product_cat-accessoires-et-pieces-detachees","8":"first","9":"instock","10":"taxable","11":"shipping-taxable","12":"purchasable","13":"product-type-simple"},"acf":[],"_links":{"self":[{"href":"https:\/\/tintosmart.it\/fr\/wp-json\/wp\/v2\/product\/6660","targetHints":{"allow":["GET"]}}],"collection":[{"href":"https:\/\/tintosmart.it\/fr\/wp-json\/wp\/v2\/product"}],"about":[{"href":"https:\/\/tintosmart.it\/fr\/wp-json\/wp\/v2\/types\/product"}],"replies":[{"embeddable":true,"href":"https:\/\/tintosmart.it\/fr\/wp-json\/wp\/v2\/comments?post=6660"}],"wp:featuredmedia":[{"embeddable":true,"href":"https:\/\/tintosmart.it\/fr\/wp-json\/wp\/v2\/media\/8642"}],"wp:attachment":[{"href":"https:\/\/tintosmart.it\/fr\/wp-json\/wp\/v2\/media?parent=6660"}],"wp:term":[{"taxonomy":"product_brand","embeddable":true,"href":"https:\/\/tintosmart.it\/fr\/wp-json\/wp\/v2\/product_brand?post=6660"},{"taxonomy":"product_cat","embeddable":true,"href":"https:\/\/tintosmart.it\/fr\/wp-json\/wp\/v2\/product_cat?post=6660"},{"taxonomy":"product_tag","embeddable":true,"href":"https:\/\/tintosmart.it\/fr\/wp-json\/wp\/v2\/product_tag?post=6660"}],"curies":[{"name":"wp","href":"https:\/\/api.w.org\/{rel}","templated":true}]}}