{"id":6663,"date":"2021-03-28T16:27:47","date_gmt":"2021-03-28T16:27:47","guid":{"rendered":"http:\/\/tintosmart.it\/prodotto\/paillettes-pour-decoratifs\/"},"modified":"2022-01-26T14:59:47","modified_gmt":"2022-01-26T13:59:47","slug":"paillettes-pour-decoratifs","status":"publish","type":"product","link":"https:\/\/tintosmart.it\/fr\/produit\/paillettes-pour-decoratifs\/","title":{"rendered":"PAILLETTES POUR D\u00c9CORATIFS"},"content":{"rendered":"<p>Les paillettes argent\u00e9es sont parfaites pour \u00eatre utilis\u00e9es comme additifs dans les finitions d\u00e9coratives. De cette fa\u00e7on, vous pouvez obtenir un aspect p\u00e9tillant final en ajoutant simplement la quantit\u00e9 d\u00e9sir\u00e9e dans la bo\u00eete et en m\u00e9langeant. Quantit\u00e9: 75 gr<\/p>\n","protected":false},"excerpt":{"rendered":"<p>Paillettes argent\u00e9e pour des effets d\u00e9coratifs<\/p>\n","protected":false},"featured_media":8300,"comment_status":"closed","ping_status":"closed","template":"","meta":{"_acf_changed":false},"product_brand":[],"product_cat":[219],"product_tag":[],"class_list":{"0":"post-6663","1":"product","2":"type-product","3":"status-publish","4":"has-post-thumbnail","6":"product_cat-accessoires-et-pieces-detachees","8":"first","9":"instock","10":"taxable","11":"shipping-taxable","12":"purchasable","13":"product-type-simple"},"acf":[],"_links":{"self":[{"href":"https:\/\/tintosmart.it\/fr\/wp-json\/wp\/v2\/product\/6663","targetHints":{"allow":["GET"]}}],"collection":[{"href":"https:\/\/tintosmart.it\/fr\/wp-json\/wp\/v2\/product"}],"about":[{"href":"https:\/\/tintosmart.it\/fr\/wp-json\/wp\/v2\/types\/product"}],"replies":[{"embeddable":true,"href":"https:\/\/tintosmart.it\/fr\/wp-json\/wp\/v2\/comments?post=6663"}],"wp:featuredmedia":[{"embeddable":true,"href":"https:\/\/tintosmart.it\/fr\/wp-json\/wp\/v2\/media\/8300"}],"wp:attachment":[{"href":"https:\/\/tintosmart.it\/fr\/wp-json\/wp\/v2\/media?parent=6663"}],"wp:term":[{"taxonomy":"product_brand","embeddable":true,"href":"https:\/\/tintosmart.it\/fr\/wp-json\/wp\/v2\/product_brand?post=6663"},{"taxonomy":"product_cat","embeddable":true,"href":"https:\/\/tintosmart.it\/fr\/wp-json\/wp\/v2\/product_cat?post=6663"},{"taxonomy":"product_tag","embeddable":true,"href":"https:\/\/tintosmart.it\/fr\/wp-json\/wp\/v2\/product_tag?post=6663"}],"curies":[{"name":"wp","href":"https:\/\/api.w.org\/{rel}","templated":true}]}}