{"id":6666,"date":"2021-03-28T16:32:34","date_gmt":"2021-03-28T16:32:34","guid":{"rendered":"http:\/\/tintosmart.it\/prodotto\/tampon-en-plastique\/"},"modified":"2022-01-26T14:58:14","modified_gmt":"2022-01-26T13:58:14","slug":"tampon-en-plastique","status":"publish","type":"product","link":"https:\/\/tintosmart.it\/fr\/produit\/tampon-en-plastique\/","title":{"rendered":"TAMPON EN PLASTIQUE"},"content":{"rendered":"<p>Le tampon ovale en plastique rigide est parfait pour obtenir des effets particuliers suite \u00e0 l&rsquo;application de produits d\u00e9coratifs. Les rainures sp\u00e9ciales sur la surface du tempone cr\u00e9ent des imperfections qui se pr\u00eatent bien \u00e0 des jeux de lumi\u00e8re agr\u00e9ables \u00e0 l&rsquo;\u0153il. Dimension: 110&#215;70 mm<\/p>\n","protected":false},"excerpt":{"rendered":"<p>Tampon en plastique ovale pour d\u00e9coratif<\/p>\n","protected":false},"featured_media":8297,"comment_status":"closed","ping_status":"closed","template":"","meta":{"_acf_changed":false},"product_brand":[],"product_cat":[219],"product_tag":[],"class_list":{"0":"post-6666","1":"product","2":"type-product","3":"status-publish","4":"has-post-thumbnail","6":"product_cat-accessoires-et-pieces-detachees","8":"first","9":"instock","10":"taxable","11":"shipping-taxable","12":"purchasable","13":"product-type-simple"},"acf":[],"_links":{"self":[{"href":"https:\/\/tintosmart.it\/fr\/wp-json\/wp\/v2\/product\/6666","targetHints":{"allow":["GET"]}}],"collection":[{"href":"https:\/\/tintosmart.it\/fr\/wp-json\/wp\/v2\/product"}],"about":[{"href":"https:\/\/tintosmart.it\/fr\/wp-json\/wp\/v2\/types\/product"}],"replies":[{"embeddable":true,"href":"https:\/\/tintosmart.it\/fr\/wp-json\/wp\/v2\/comments?post=6666"}],"wp:featuredmedia":[{"embeddable":true,"href":"https:\/\/tintosmart.it\/fr\/wp-json\/wp\/v2\/media\/8297"}],"wp:attachment":[{"href":"https:\/\/tintosmart.it\/fr\/wp-json\/wp\/v2\/media?parent=6666"}],"wp:term":[{"taxonomy":"product_brand","embeddable":true,"href":"https:\/\/tintosmart.it\/fr\/wp-json\/wp\/v2\/product_brand?post=6666"},{"taxonomy":"product_cat","embeddable":true,"href":"https:\/\/tintosmart.it\/fr\/wp-json\/wp\/v2\/product_cat?post=6666"},{"taxonomy":"product_tag","embeddable":true,"href":"https:\/\/tintosmart.it\/fr\/wp-json\/wp\/v2\/product_tag?post=6666"}],"curies":[{"name":"wp","href":"https:\/\/api.w.org\/{rel}","templated":true}]}}