{"id":6669,"date":"2021-04-05T19:15:14","date_gmt":"2021-04-05T19:15:14","guid":{"rendered":"http:\/\/tintosmart.it\/prodotto\/set-10-pompes-de-distribution\/"},"modified":"2022-01-26T13:30:00","modified_gmt":"2022-01-26T12:30:00","slug":"set-10-pompes-de-distribution","status":"publish","type":"product","link":"https:\/\/tintosmart.it\/fr\/produit\/set-10-pompes-de-distribution\/","title":{"rendered":"SET 10 POMPES DE DISTRIBUTION"},"content":{"rendered":"<p>L&rsquo;ensemble se compose de 8 pompes de distribution \u00e0 ins\u00e9rer dans autant de colorants et de 2 pompes de remplacement en cas d&rsquo;usure au fil du temps. Pendant la phase d&rsquo;assemblage, n&rsquo;oubliez pas d&rsquo;appliquer le tube plongeur \u00e0 l&rsquo;int\u00e9rieur de chaque pompe de distribution. Les distributeurs en plastique sont con\u00e7us pour permettre un dosage constant et pr\u00e9cis \u00e0 chaque action de pression sur le bouchon du distributeur et pour \u00e9viter que les colorantes ne se dess\u00e8chent, assurant ainsi une dur\u00e9e plus longue dans le temps.<\/p>\n","protected":false},"excerpt":{"rendered":"<p>Ensemble de pompes pour le dosage<\/p>\n","protected":false},"featured_media":8294,"comment_status":"closed","ping_status":"closed","template":"","meta":{"_acf_changed":false},"product_brand":[],"product_cat":[219],"product_tag":[],"class_list":{"0":"post-6669","1":"product","2":"type-product","3":"status-publish","4":"has-post-thumbnail","6":"product_cat-accessoires-et-pieces-detachees","8":"first","9":"instock","10":"taxable","11":"shipping-taxable","12":"purchasable","13":"product-type-simple"},"acf":[],"_links":{"self":[{"href":"https:\/\/tintosmart.it\/fr\/wp-json\/wp\/v2\/product\/6669","targetHints":{"allow":["GET"]}}],"collection":[{"href":"https:\/\/tintosmart.it\/fr\/wp-json\/wp\/v2\/product"}],"about":[{"href":"https:\/\/tintosmart.it\/fr\/wp-json\/wp\/v2\/types\/product"}],"replies":[{"embeddable":true,"href":"https:\/\/tintosmart.it\/fr\/wp-json\/wp\/v2\/comments?post=6669"}],"wp:featuredmedia":[{"embeddable":true,"href":"https:\/\/tintosmart.it\/fr\/wp-json\/wp\/v2\/media\/8294"}],"wp:attachment":[{"href":"https:\/\/tintosmart.it\/fr\/wp-json\/wp\/v2\/media?parent=6669"}],"wp:term":[{"taxonomy":"product_brand","embeddable":true,"href":"https:\/\/tintosmart.it\/fr\/wp-json\/wp\/v2\/product_brand?post=6669"},{"taxonomy":"product_cat","embeddable":true,"href":"https:\/\/tintosmart.it\/fr\/wp-json\/wp\/v2\/product_cat?post=6669"},{"taxonomy":"product_tag","embeddable":true,"href":"https:\/\/tintosmart.it\/fr\/wp-json\/wp\/v2\/product_tag?post=6669"}],"curies":[{"name":"wp","href":"https:\/\/api.w.org\/{rel}","templated":true}]}}