{"id":6672,"date":"2021-04-08T00:20:33","date_gmt":"2021-04-07T22:20:33","guid":{"rendered":"http:\/\/tintosmart.it\/prodotto\/kit-mix-8-colorants\/"},"modified":"2025-01-28T09:50:53","modified_gmt":"2025-01-28T08:50:53","slug":"kit-mix-8-colorants","status":"publish","type":"product","link":"https:\/\/tintosmart.it\/fr\/produit\/kit-mix-8-colorants\/","title":{"rendered":"KIT MIX 8 COLORANTS"},"content":{"rendered":"<p>Kit mix de 8 colorants sans Voc n\u00e9cessaires au r\u00e9approvisionnement complet du tintom\u00e8tre portable. Le kit comprend les colorants suivants: P1 Oxide Jaune, P2 Oxide Rouge, P3 Oxide Noir, P4 Marron, P5 Bleu, P6 Vert, P7 Rouge Brillant, P8 Jaune Vif. Les colorants \u00e0 l&rsquo;eau TintoSmart sont sans Voc, ce qui signifie qu&rsquo;elles ne contiennent pas de substances organiques volatiles nocives pour la sant\u00e9 de l&rsquo;applicateur et de l&rsquo;utilisateur final. Les colorants de la s\u00e9rie 8000 sont compatibles avec tous les produits \u00e0 base d&rsquo;eau et n&rsquo;interf\u00e8rent pas avec le s\u00e9chage et la rh\u00e9ologie du produit. Les particules de pigment sont finement broy\u00e9es afin de rendre les colorants hautement concentr\u00e9s, mats, fluides et non thixotropes.<\/p>\n","protected":false},"excerpt":{"rendered":"<p>Kit mix 8 colorants sans Voc de 450 ml<\/p>\n","protected":false},"featured_media":8573,"comment_status":"closed","ping_status":"closed","template":"","meta":{"_acf_changed":false},"product_brand":[],"product_cat":[208],"product_tag":[],"class_list":{"0":"post-6672","1":"product","2":"type-product","3":"status-publish","4":"has-post-thumbnail","6":"product_cat-kit-tintosmart","8":"first","9":"instock","10":"taxable","11":"shipping-taxable","12":"purchasable","13":"product-type-simple"},"acf":[],"_links":{"self":[{"href":"https:\/\/tintosmart.it\/fr\/wp-json\/wp\/v2\/product\/6672","targetHints":{"allow":["GET"]}}],"collection":[{"href":"https:\/\/tintosmart.it\/fr\/wp-json\/wp\/v2\/product"}],"about":[{"href":"https:\/\/tintosmart.it\/fr\/wp-json\/wp\/v2\/types\/product"}],"replies":[{"embeddable":true,"href":"https:\/\/tintosmart.it\/fr\/wp-json\/wp\/v2\/comments?post=6672"}],"wp:featuredmedia":[{"embeddable":true,"href":"https:\/\/tintosmart.it\/fr\/wp-json\/wp\/v2\/media\/8573"}],"wp:attachment":[{"href":"https:\/\/tintosmart.it\/fr\/wp-json\/wp\/v2\/media?parent=6672"}],"wp:term":[{"taxonomy":"product_brand","embeddable":true,"href":"https:\/\/tintosmart.it\/fr\/wp-json\/wp\/v2\/product_brand?post=6672"},{"taxonomy":"product_cat","embeddable":true,"href":"https:\/\/tintosmart.it\/fr\/wp-json\/wp\/v2\/product_cat?post=6672"},{"taxonomy":"product_tag","embeddable":true,"href":"https:\/\/tintosmart.it\/fr\/wp-json\/wp\/v2\/product_tag?post=6672"}],"curies":[{"name":"wp","href":"https:\/\/api.w.org\/{rel}","templated":true}]}}