{"id":6678,"date":"2021-04-05T19:09:41","date_gmt":"2021-04-05T19:09:41","guid":{"rendered":"http:\/\/tintosmart.it\/prodotto\/brosse-petite-spalter-pour-decoratifs-80\/"},"modified":"2022-01-26T14:52:10","modified_gmt":"2022-01-26T13:52:10","slug":"brosse-petite-spalter-pour-decoratifs-80","status":"publish","type":"product","link":"https:\/\/tintosmart.it\/fr\/produit\/brosse-petite-spalter-pour-decoratifs-80\/","title":{"rendered":"BROSSE PETITE SPALTER POUR D\u00c9CORATIFS 80"},"content":{"rendered":"<p>La brosse spalter est \u00e9quip\u00e9e d&rsquo;un corps en bois de h\u00eatre, d&rsquo;une virole en acier inoxydable et de poils en fibre de polyester. Sp\u00e9cialement con\u00e7ue pour la cr\u00e9ation d&rsquo;effets originaux dans l&rsquo;application de produits de d\u00e9coration, la spalter peut \u00eatre utilis\u00e9e avec n&rsquo;importe quel produit de peinture ou solvant \u00e0 base d&rsquo;eau. Les poils garantissent une r\u00e9sistance prolong\u00e9e dans le temps. Dimensions: 80 x 9 mm<\/p>\n","protected":false},"excerpt":{"rendered":"<p>Brosse spalter professionnelle PETITE pour produits d\u00e9coratifs<\/p>\n","protected":false},"featured_media":8288,"comment_status":"closed","ping_status":"closed","template":"","meta":{"_acf_changed":false},"product_brand":[],"product_cat":[219],"product_tag":[],"class_list":{"0":"post-6678","1":"product","2":"type-product","3":"status-publish","4":"has-post-thumbnail","6":"product_cat-accessoires-et-pieces-detachees","8":"first","9":"instock","10":"taxable","11":"shipping-taxable","12":"purchasable","13":"product-type-simple"},"acf":[],"_links":{"self":[{"href":"https:\/\/tintosmart.it\/fr\/wp-json\/wp\/v2\/product\/6678","targetHints":{"allow":["GET"]}}],"collection":[{"href":"https:\/\/tintosmart.it\/fr\/wp-json\/wp\/v2\/product"}],"about":[{"href":"https:\/\/tintosmart.it\/fr\/wp-json\/wp\/v2\/types\/product"}],"replies":[{"embeddable":true,"href":"https:\/\/tintosmart.it\/fr\/wp-json\/wp\/v2\/comments?post=6678"}],"wp:featuredmedia":[{"embeddable":true,"href":"https:\/\/tintosmart.it\/fr\/wp-json\/wp\/v2\/media\/8288"}],"wp:attachment":[{"href":"https:\/\/tintosmart.it\/fr\/wp-json\/wp\/v2\/media?parent=6678"}],"wp:term":[{"taxonomy":"product_brand","embeddable":true,"href":"https:\/\/tintosmart.it\/fr\/wp-json\/wp\/v2\/product_brand?post=6678"},{"taxonomy":"product_cat","embeddable":true,"href":"https:\/\/tintosmart.it\/fr\/wp-json\/wp\/v2\/product_cat?post=6678"},{"taxonomy":"product_tag","embeddable":true,"href":"https:\/\/tintosmart.it\/fr\/wp-json\/wp\/v2\/product_tag?post=6678"}],"curies":[{"name":"wp","href":"https:\/\/api.w.org\/{rel}","templated":true}]}}