{"id":6681,"date":"2021-03-28T15:00:14","date_gmt":"2021-03-28T13:00:14","guid":{"rendered":"http:\/\/tintosmart.it\/prodotto\/collection-de-couleurs-ligne-decorative\/"},"modified":"2022-01-26T15:03:23","modified_gmt":"2022-01-26T14:03:23","slug":"collection-de-couleurs-ligne-decorative","status":"publish","type":"product","link":"https:\/\/tintosmart.it\/fr\/produit\/collection-de-couleurs-ligne-decorative\/","title":{"rendered":"COLLECTION DE COULEURS LIGNE D\u00c9CORATIVE"},"content":{"rendered":"<p>Le nuancier Linea Decorativi TintoSmart a 56 couleurs communes pour les 3 effets d\u00e9coratifs. Chaque couleur peut \u00eatre r\u00e9alis\u00e9e avec un effet final diff\u00e9rent gr\u00e2ce au produit utilis\u00e9. Dans le nuancier, il y a des couleurs \u00e0 effet materique mat et nacr\u00e9 avec des nuances claires, lumineuses et intenses qui donnent aux murs des effets raffin\u00e9s et \u00e9l\u00e9gants. Il existe aussi des couleurs \u00e0 effet m\u00e9tallis\u00e9 \u00e0 l&rsquo;aspect sabl\u00e9 et lumineux avec des nuances scintillantes, iris\u00e9es et nacr\u00e9es incrust\u00e9es de d\u00e9tails l\u00e9g\u00e8rement sabl\u00e9s. Enfin, le nuancier est compos\u00e9 de teintes \u00e0 effet soyeux au toucher velout\u00e9 et doux avec des teintes claires et criardes \u00e0 la fois gr\u00e2ce \u00e0 la teinte choisie. L&rsquo;effet cr\u00e9\u00e9 rappelle celui typique de la soie avec des reflets \u00e9l\u00e9gants et pr\u00e9cieux. Les couleurs et les formulations de ce nuancier ne peuvent \u00eatre reproduites qu&rsquo;avec les finitions d\u00e9coratives TintoSmart.<\/p>\n","protected":false},"excerpt":{"rendered":"<p>Nuancier de la ligne d\u00e9corative multi-effets<\/p>\n","protected":false},"featured_media":8411,"comment_status":"closed","ping_status":"closed","template":"","meta":{"_acf_changed":false},"product_brand":[],"product_cat":[216],"product_tag":[],"class_list":{"0":"post-6681","1":"product","2":"type-product","3":"status-publish","4":"has-post-thumbnail","6":"product_cat-nuanciers-et-formulaires","8":"first","9":"instock","10":"taxable","11":"shipping-taxable","12":"purchasable","13":"product-type-simple"},"acf":[],"_links":{"self":[{"href":"https:\/\/tintosmart.it\/fr\/wp-json\/wp\/v2\/product\/6681","targetHints":{"allow":["GET"]}}],"collection":[{"href":"https:\/\/tintosmart.it\/fr\/wp-json\/wp\/v2\/product"}],"about":[{"href":"https:\/\/tintosmart.it\/fr\/wp-json\/wp\/v2\/types\/product"}],"replies":[{"embeddable":true,"href":"https:\/\/tintosmart.it\/fr\/wp-json\/wp\/v2\/comments?post=6681"}],"wp:featuredmedia":[{"embeddable":true,"href":"https:\/\/tintosmart.it\/fr\/wp-json\/wp\/v2\/media\/8411"}],"wp:attachment":[{"href":"https:\/\/tintosmart.it\/fr\/wp-json\/wp\/v2\/media?parent=6681"}],"wp:term":[{"taxonomy":"product_brand","embeddable":true,"href":"https:\/\/tintosmart.it\/fr\/wp-json\/wp\/v2\/product_brand?post=6681"},{"taxonomy":"product_cat","embeddable":true,"href":"https:\/\/tintosmart.it\/fr\/wp-json\/wp\/v2\/product_cat?post=6681"},{"taxonomy":"product_tag","embeddable":true,"href":"https:\/\/tintosmart.it\/fr\/wp-json\/wp\/v2\/product_tag?post=6681"}],"curies":[{"name":"wp","href":"https:\/\/api.w.org\/{rel}","templated":true}]}}