{"id":6684,"date":"2021-04-05T16:35:50","date_gmt":"2021-04-05T16:35:50","guid":{"rendered":"http:\/\/tintosmart.it\/prodotto\/presentoir-au-sol-pour-colorants\/"},"modified":"2022-01-26T15:27:26","modified_gmt":"2022-01-26T14:27:26","slug":"presentoir-au-sol-pour-colorants","status":"publish","type":"product","link":"https:\/\/tintosmart.it\/fr\/produit\/presentoir-au-sol-pour-colorants\/","title":{"rendered":"PRESENTOIR AU SOL POUR COLORANTS"},"content":{"rendered":"<p>Pr\u00e9sentoir \u00e0 \u00e9tag\u00e8res multiples pour le positionnement des 96 bouteilles de colorants TintoSmart divis\u00e9es par type de couleur. La structure est compos\u00e9e de plusieurs mat\u00e9riaux et de fines finitions telles que le plexiglas, le plastique et l&rsquo;aluminium, afin de rendre le pr\u00e9sentoir distinctif et distinguable \u00e0 l&rsquo;int\u00e9rieur du magasin.<\/p>\n","protected":false},"excerpt":{"rendered":"<p>Pr\u00e9sentoir de bouteilles des colorant pour la revente<\/p>\n","protected":false},"featured_media":7072,"comment_status":"closed","ping_status":"closed","template":"","meta":{"_acf_changed":false},"product_brand":[],"product_cat":[222],"product_tag":[],"class_list":{"0":"post-6684","1":"product","2":"type-product","3":"status-publish","4":"has-post-thumbnail","6":"product_cat-gadgets-et-merchandising","8":"first","9":"outofstock","10":"taxable","11":"shipping-taxable","12":"purchasable","13":"product-type-simple"},"acf":[],"_links":{"self":[{"href":"https:\/\/tintosmart.it\/fr\/wp-json\/wp\/v2\/product\/6684","targetHints":{"allow":["GET"]}}],"collection":[{"href":"https:\/\/tintosmart.it\/fr\/wp-json\/wp\/v2\/product"}],"about":[{"href":"https:\/\/tintosmart.it\/fr\/wp-json\/wp\/v2\/types\/product"}],"replies":[{"embeddable":true,"href":"https:\/\/tintosmart.it\/fr\/wp-json\/wp\/v2\/comments?post=6684"}],"wp:featuredmedia":[{"embeddable":true,"href":"https:\/\/tintosmart.it\/fr\/wp-json\/wp\/v2\/media\/7072"}],"wp:attachment":[{"href":"https:\/\/tintosmart.it\/fr\/wp-json\/wp\/v2\/media?parent=6684"}],"wp:term":[{"taxonomy":"product_brand","embeddable":true,"href":"https:\/\/tintosmart.it\/fr\/wp-json\/wp\/v2\/product_brand?post=6684"},{"taxonomy":"product_cat","embeddable":true,"href":"https:\/\/tintosmart.it\/fr\/wp-json\/wp\/v2\/product_cat?post=6684"},{"taxonomy":"product_tag","embeddable":true,"href":"https:\/\/tintosmart.it\/fr\/wp-json\/wp\/v2\/product_tag?post=6684"}],"curies":[{"name":"wp","href":"https:\/\/api.w.org\/{rel}","templated":true}]}}