{"id":6690,"date":"2021-04-05T16:20:07","date_gmt":"2021-04-05T14:20:07","guid":{"rendered":"http:\/\/tintosmart.it\/prodotto\/presentoir-totem-tintosmart\/"},"modified":"2022-01-26T14:56:42","modified_gmt":"2022-01-26T13:56:42","slug":"presentoir-totem-tintosmart","status":"publish","type":"product","link":"https:\/\/tintosmart.it\/fr\/produit\/presentoir-totem-tintosmart\/","title":{"rendered":"PRESENTOIR TOTEM TintoSmart"},"content":{"rendered":"<p>Totem pour exposer la mallette TintoSmart dans votre magasin, afin de faciliter l&rsquo;achat et l&rsquo;explication des fonctionnalit\u00e9s de mani\u00e8re pratique et concr\u00e8te. Il est possible d&rsquo;utiliser la base centrale pour montrer aux clients l&rsquo;utilisation r\u00e9elle du Tintom\u00e8tre portable, gr\u00e2ce \u00e0 l&rsquo;ouverture des portes \u00e0 120\u00b0 et au positionnement de l&#8217;emballage de la peinture \u00e0 l&rsquo;eau \u00e0 peindre.<\/p>\n","protected":false},"excerpt":{"rendered":"<p>Totem de pr\u00e9sentation TintoSmart pour la revente<\/p>\n","protected":false},"featured_media":7064,"comment_status":"closed","ping_status":"closed","template":"","meta":{"_acf_changed":false},"product_brand":[],"product_cat":[222],"product_tag":[],"class_list":{"0":"post-6690","1":"product","2":"type-product","3":"status-publish","4":"has-post-thumbnail","6":"product_cat-gadgets-et-merchandising","8":"first","9":"outofstock","10":"taxable","11":"shipping-taxable","12":"purchasable","13":"product-type-simple"},"acf":[],"_links":{"self":[{"href":"https:\/\/tintosmart.it\/fr\/wp-json\/wp\/v2\/product\/6690","targetHints":{"allow":["GET"]}}],"collection":[{"href":"https:\/\/tintosmart.it\/fr\/wp-json\/wp\/v2\/product"}],"about":[{"href":"https:\/\/tintosmart.it\/fr\/wp-json\/wp\/v2\/types\/product"}],"replies":[{"embeddable":true,"href":"https:\/\/tintosmart.it\/fr\/wp-json\/wp\/v2\/comments?post=6690"}],"wp:featuredmedia":[{"embeddable":true,"href":"https:\/\/tintosmart.it\/fr\/wp-json\/wp\/v2\/media\/7064"}],"wp:attachment":[{"href":"https:\/\/tintosmart.it\/fr\/wp-json\/wp\/v2\/media?parent=6690"}],"wp:term":[{"taxonomy":"product_brand","embeddable":true,"href":"https:\/\/tintosmart.it\/fr\/wp-json\/wp\/v2\/product_brand?post=6690"},{"taxonomy":"product_cat","embeddable":true,"href":"https:\/\/tintosmart.it\/fr\/wp-json\/wp\/v2\/product_cat?post=6690"},{"taxonomy":"product_tag","embeddable":true,"href":"https:\/\/tintosmart.it\/fr\/wp-json\/wp\/v2\/product_tag?post=6690"}],"curies":[{"name":"wp","href":"https:\/\/api.w.org\/{rel}","templated":true}]}}