{"id":6693,"date":"2021-04-05T19:14:49","date_gmt":"2021-04-05T19:14:49","guid":{"rendered":"http:\/\/tintosmart.it\/prodotto\/rouleau-avec-manche\/"},"modified":"2022-01-26T13:30:23","modified_gmt":"2022-01-26T12:30:23","slug":"rouleau-avec-manche","status":"publish","type":"product","link":"https:\/\/tintosmart.it\/fr\/produit\/rouleau-avec-manche\/","title":{"rendered":"ROULEAU AVEC MANCHE"},"content":{"rendered":"<p>Le rouleau \u00e0 poils courts en microfibre est parfait pour l&rsquo;application professionnelle de peintures \u00e0 l&rsquo;eau sur des supports lisses tels que des plaques de pl\u00e2tre ou des surfaces l\u00e9g\u00e8rement rugueuses en g\u00e9n\u00e9ral. \u00c9tant anti-goutte, il est particuli\u00e8rement adapt\u00e9 aux surfaces telles que les plafonds. Le manche avec poign\u00e9e en caoutchouc le rend pratique et confortable \u00e0 utiliser, tandis que la structure en fer garantit une r\u00e9sistance prolong\u00e9e dans le temps. Dimensions: 200 x 48 mm<\/p>\n","protected":false},"excerpt":{"rendered":"<p>Rouleau professionnel \u00e0 poils courts pour peintures murales \u00e0 l&rsquo;eau<\/p>\n","protected":false},"featured_media":8285,"comment_status":"closed","ping_status":"closed","template":"","meta":{"_acf_changed":false},"product_brand":[],"product_cat":[219],"product_tag":[],"class_list":{"0":"post-6693","1":"product","2":"type-product","3":"status-publish","4":"has-post-thumbnail","6":"product_cat-accessoires-et-pieces-detachees","8":"first","9":"instock","10":"taxable","11":"shipping-taxable","12":"purchasable","13":"product-type-simple"},"acf":[],"_links":{"self":[{"href":"https:\/\/tintosmart.it\/fr\/wp-json\/wp\/v2\/product\/6693","targetHints":{"allow":["GET"]}}],"collection":[{"href":"https:\/\/tintosmart.it\/fr\/wp-json\/wp\/v2\/product"}],"about":[{"href":"https:\/\/tintosmart.it\/fr\/wp-json\/wp\/v2\/types\/product"}],"replies":[{"embeddable":true,"href":"https:\/\/tintosmart.it\/fr\/wp-json\/wp\/v2\/comments?post=6693"}],"wp:featuredmedia":[{"embeddable":true,"href":"https:\/\/tintosmart.it\/fr\/wp-json\/wp\/v2\/media\/8285"}],"wp:attachment":[{"href":"https:\/\/tintosmart.it\/fr\/wp-json\/wp\/v2\/media?parent=6693"}],"wp:term":[{"taxonomy":"product_brand","embeddable":true,"href":"https:\/\/tintosmart.it\/fr\/wp-json\/wp\/v2\/product_brand?post=6693"},{"taxonomy":"product_cat","embeddable":true,"href":"https:\/\/tintosmart.it\/fr\/wp-json\/wp\/v2\/product_cat?post=6693"},{"taxonomy":"product_tag","embeddable":true,"href":"https:\/\/tintosmart.it\/fr\/wp-json\/wp\/v2\/product_tag?post=6693"}],"curies":[{"name":"wp","href":"https:\/\/api.w.org\/{rel}","templated":true}]}}