{"id":6696,"date":"2021-04-05T19:05:26","date_gmt":"2021-04-05T19:05:26","guid":{"rendered":"http:\/\/tintosmart.it\/prodotto\/truelle-en-plastique\/"},"modified":"2022-01-26T14:54:29","modified_gmt":"2022-01-26T13:54:29","slug":"truelle-en-plastique","status":"publish","type":"product","link":"https:\/\/tintosmart.it\/fr\/produit\/truelle-en-plastique\/","title":{"rendered":"TRUELLE EN PLASTIQUE"},"content":{"rendered":"<p>La truelle en plastique rigide est l\u00e9g\u00e8re et r\u00e9sistante, id\u00e9ale pour cr\u00e9er des effets sp\u00e9ciaux avec des produits d\u00e9coratifs. Le manche anatomique permet une prise en main confortable, m\u00eame en cas d&rsquo;utilisation prolong\u00e9e. Dimensions: 240&#215;80 mm<\/p>\n","protected":false},"excerpt":{"rendered":"<p>Truelle en plastique classique pour la d\u00e9coration<\/p>\n","protected":false},"featured_media":8282,"comment_status":"closed","ping_status":"closed","template":"","meta":{"_acf_changed":false},"product_brand":[],"product_cat":[219],"product_tag":[],"class_list":{"0":"post-6696","1":"product","2":"type-product","3":"status-publish","4":"has-post-thumbnail","6":"product_cat-accessoires-et-pieces-detachees","8":"first","9":"instock","10":"taxable","11":"shipping-taxable","12":"purchasable","13":"product-type-simple"},"acf":[],"_links":{"self":[{"href":"https:\/\/tintosmart.it\/fr\/wp-json\/wp\/v2\/product\/6696","targetHints":{"allow":["GET"]}}],"collection":[{"href":"https:\/\/tintosmart.it\/fr\/wp-json\/wp\/v2\/product"}],"about":[{"href":"https:\/\/tintosmart.it\/fr\/wp-json\/wp\/v2\/types\/product"}],"replies":[{"embeddable":true,"href":"https:\/\/tintosmart.it\/fr\/wp-json\/wp\/v2\/comments?post=6696"}],"wp:featuredmedia":[{"embeddable":true,"href":"https:\/\/tintosmart.it\/fr\/wp-json\/wp\/v2\/media\/8282"}],"wp:attachment":[{"href":"https:\/\/tintosmart.it\/fr\/wp-json\/wp\/v2\/media?parent=6696"}],"wp:term":[{"taxonomy":"product_brand","embeddable":true,"href":"https:\/\/tintosmart.it\/fr\/wp-json\/wp\/v2\/product_brand?post=6696"},{"taxonomy":"product_cat","embeddable":true,"href":"https:\/\/tintosmart.it\/fr\/wp-json\/wp\/v2\/product_cat?post=6696"},{"taxonomy":"product_tag","embeddable":true,"href":"https:\/\/tintosmart.it\/fr\/wp-json\/wp\/v2\/product_tag?post=6696"}],"curies":[{"name":"wp","href":"https:\/\/api.w.org\/{rel}","templated":true}]}}