{"id":6699,"date":"2021-03-28T15:03:34","date_gmt":"2021-03-28T13:03:34","guid":{"rendered":"http:\/\/tintosmart.it\/prodotto\/collection-de-couleurs-gemini\/"},"modified":"2022-01-26T15:03:04","modified_gmt":"2022-01-26T14:03:04","slug":"collection-de-couleurs-gemini","status":"publish","type":"product","link":"https:\/\/tintosmart.it\/fr\/produit\/collection-de-couleurs-gemini\/","title":{"rendered":"COLLECTION DE COULEURS GEMINI"},"content":{"rendered":"<p>La collection de couleurs du nuancier Gemini a \u00e9t\u00e9 con\u00e7ue pour offrir des couleurs vives et joyeuses, mais aussi sinueuses et gracieuses, capables de stimuler la cr\u00e9ativit\u00e9 et d&rsquo;insuffler un sentiment de positivit\u00e9, de paix et de tranquillit\u00e9. Les nuances sont con\u00e7us pour mettre en valeur les environnements modernes et classiques, en particulier ceux de valeur tels que les salons, les chambres et les lofts ouverts. La diversit\u00e9 des nuances garantit \u00e9galement des solutions adapt\u00e9es \u00e0 tous les go\u00fbts et \u00e0 tous les besoins. Ce nuancier peut \u00eatre utilis\u00e9 pour toutes les peintures \u00e0 l&rsquo;eau lavables du march\u00e9.<\/p>\n","protected":false},"excerpt":{"rendered":"<p>Nuancier Gemini pour peintures \u00e0 l&rsquo;eau lavables<\/p>\n","protected":false},"featured_media":8393,"comment_status":"closed","ping_status":"closed","template":"","meta":{"_acf_changed":false},"product_brand":[],"product_cat":[216],"product_tag":[],"class_list":{"0":"post-6699","1":"product","2":"type-product","3":"status-publish","4":"has-post-thumbnail","6":"product_cat-nuanciers-et-formulaires","8":"first","9":"instock","10":"taxable","11":"shipping-taxable","12":"purchasable","13":"product-type-simple"},"acf":[],"_links":{"self":[{"href":"https:\/\/tintosmart.it\/fr\/wp-json\/wp\/v2\/product\/6699","targetHints":{"allow":["GET"]}}],"collection":[{"href":"https:\/\/tintosmart.it\/fr\/wp-json\/wp\/v2\/product"}],"about":[{"href":"https:\/\/tintosmart.it\/fr\/wp-json\/wp\/v2\/types\/product"}],"replies":[{"embeddable":true,"href":"https:\/\/tintosmart.it\/fr\/wp-json\/wp\/v2\/comments?post=6699"}],"wp:featuredmedia":[{"embeddable":true,"href":"https:\/\/tintosmart.it\/fr\/wp-json\/wp\/v2\/media\/8393"}],"wp:attachment":[{"href":"https:\/\/tintosmart.it\/fr\/wp-json\/wp\/v2\/media?parent=6699"}],"wp:term":[{"taxonomy":"product_brand","embeddable":true,"href":"https:\/\/tintosmart.it\/fr\/wp-json\/wp\/v2\/product_brand?post=6699"},{"taxonomy":"product_cat","embeddable":true,"href":"https:\/\/tintosmart.it\/fr\/wp-json\/wp\/v2\/product_cat?post=6699"},{"taxonomy":"product_tag","embeddable":true,"href":"https:\/\/tintosmart.it\/fr\/wp-json\/wp\/v2\/product_tag?post=6699"}],"curies":[{"name":"wp","href":"https:\/\/api.w.org\/{rel}","templated":true}]}}