{"id":6702,"date":"2021-03-28T15:12:43","date_gmt":"2021-03-28T13:12:43","guid":{"rendered":"http:\/\/tintosmart.it\/prodotto\/collection-de-couleurs-kepler\/"},"modified":"2022-01-26T15:02:41","modified_gmt":"2022-01-26T14:02:41","slug":"collection-de-couleurs-kepler","status":"publish","type":"product","link":"https:\/\/tintosmart.it\/fr\/produit\/collection-de-couleurs-kepler\/","title":{"rendered":"COLLECTION DE COULEURS KEPLER"},"content":{"rendered":"<p>La collection de couleurs du nuancier Kepler a \u00e9t\u00e9 con\u00e7ue pour offrir des couleurs vives au caract\u00e8re confiant, mais en m\u00eame temps l\u00e9g\u00e8r et doux. Les diff\u00e9rentes nuances s&rsquo;adaptent parfaitement \u00e0 tout type d&rsquo;environnement dans la maison priv\u00e9e ou dans le lieu public, offrant la possibilit\u00e9 de cr\u00e9er des combinaisons imaginatives et cr\u00e9atives, parfois m\u00eame en contraste apparent, en exploitant si possible les diff\u00e9rents types d&rsquo;illuminants. Ce dossier peut \u00eatre utilis\u00e9 pour tous les \u00e9maux satin\u00e9s pour murs du march\u00e9.<\/p>\n","protected":false},"excerpt":{"rendered":"<p>Nuancier Kepler pour \u00e9maux muraux satin\u00e9s<\/p>\n","protected":false},"featured_media":8372,"comment_status":"closed","ping_status":"closed","template":"","meta":{"_acf_changed":false},"product_brand":[],"product_cat":[216],"product_tag":[],"class_list":{"0":"post-6702","1":"product","2":"type-product","3":"status-publish","4":"has-post-thumbnail","6":"product_cat-nuanciers-et-formulaires","8":"first","9":"instock","10":"taxable","11":"shipping-taxable","12":"purchasable","13":"product-type-simple"},"acf":[],"_links":{"self":[{"href":"https:\/\/tintosmart.it\/fr\/wp-json\/wp\/v2\/product\/6702","targetHints":{"allow":["GET"]}}],"collection":[{"href":"https:\/\/tintosmart.it\/fr\/wp-json\/wp\/v2\/product"}],"about":[{"href":"https:\/\/tintosmart.it\/fr\/wp-json\/wp\/v2\/types\/product"}],"replies":[{"embeddable":true,"href":"https:\/\/tintosmart.it\/fr\/wp-json\/wp\/v2\/comments?post=6702"}],"wp:featuredmedia":[{"embeddable":true,"href":"https:\/\/tintosmart.it\/fr\/wp-json\/wp\/v2\/media\/8372"}],"wp:attachment":[{"href":"https:\/\/tintosmart.it\/fr\/wp-json\/wp\/v2\/media?parent=6702"}],"wp:term":[{"taxonomy":"product_brand","embeddable":true,"href":"https:\/\/tintosmart.it\/fr\/wp-json\/wp\/v2\/product_brand?post=6702"},{"taxonomy":"product_cat","embeddable":true,"href":"https:\/\/tintosmart.it\/fr\/wp-json\/wp\/v2\/product_cat?post=6702"},{"taxonomy":"product_tag","embeddable":true,"href":"https:\/\/tintosmart.it\/fr\/wp-json\/wp\/v2\/product_tag?post=6702"}],"curies":[{"name":"wp","href":"https:\/\/api.w.org\/{rel}","templated":true}]}}