{"id":6705,"date":"2021-04-05T16:13:13","date_gmt":"2021-04-05T16:13:13","guid":{"rendered":"http:\/\/tintosmart.it\/prodotto\/kit-50-brochure\/"},"modified":"2022-01-26T14:57:15","modified_gmt":"2022-01-26T13:57:15","slug":"kit-50-brochure","status":"publish","type":"product","link":"https:\/\/tintosmart.it\/fr\/produit\/kit-50-brochure\/","title":{"rendered":"KIT 50 BROCHURE"},"content":{"rendered":"<p>Kit de 20 brochures TintoSmart en format A5 \u00e0 ins\u00e9rer dans les pr\u00e9sentoirs.<\/p>\n","protected":false},"excerpt":{"rendered":"<p>Brochure format A5 TintoSmart pour pr\u00e9sentoir des colorants pour la revente<\/p>\n","protected":false},"featured_media":7056,"comment_status":"closed","ping_status":"closed","template":"","meta":{"_acf_changed":false},"product_brand":[],"product_cat":[222],"product_tag":[],"class_list":{"0":"post-6705","1":"product","2":"type-product","3":"status-publish","4":"has-post-thumbnail","6":"product_cat-gadgets-et-merchandising","8":"first","9":"outofstock","10":"taxable","11":"shipping-taxable","12":"purchasable","13":"product-type-simple"},"acf":[],"_links":{"self":[{"href":"https:\/\/tintosmart.it\/fr\/wp-json\/wp\/v2\/product\/6705","targetHints":{"allow":["GET"]}}],"collection":[{"href":"https:\/\/tintosmart.it\/fr\/wp-json\/wp\/v2\/product"}],"about":[{"href":"https:\/\/tintosmart.it\/fr\/wp-json\/wp\/v2\/types\/product"}],"replies":[{"embeddable":true,"href":"https:\/\/tintosmart.it\/fr\/wp-json\/wp\/v2\/comments?post=6705"}],"wp:featuredmedia":[{"embeddable":true,"href":"https:\/\/tintosmart.it\/fr\/wp-json\/wp\/v2\/media\/7056"}],"wp:attachment":[{"href":"https:\/\/tintosmart.it\/fr\/wp-json\/wp\/v2\/media?parent=6705"}],"wp:term":[{"taxonomy":"product_brand","embeddable":true,"href":"https:\/\/tintosmart.it\/fr\/wp-json\/wp\/v2\/product_brand?post=6705"},{"taxonomy":"product_cat","embeddable":true,"href":"https:\/\/tintosmart.it\/fr\/wp-json\/wp\/v2\/product_cat?post=6705"},{"taxonomy":"product_tag","embeddable":true,"href":"https:\/\/tintosmart.it\/fr\/wp-json\/wp\/v2\/product_tag?post=6705"}],"curies":[{"name":"wp","href":"https:\/\/api.w.org\/{rel}","templated":true}]}}