{"id":6711,"date":"2021-04-05T19:07:13","date_gmt":"2021-04-05T17:07:13","guid":{"rendered":"http:\/\/tintosmart.it\/prodotto\/kit-de-remplacement-despacement\/"},"modified":"2022-01-26T14:53:40","modified_gmt":"2022-01-26T13:53:40","slug":"kit-de-remplacement-despacement","status":"publish","type":"product","link":"https:\/\/tintosmart.it\/fr\/produit\/kit-de-remplacement-despacement\/","title":{"rendered":"KIT DE REMPLACEMENT D&rsquo;ESPACEMENT"},"content":{"rendered":"<p>Le kit se compose de 4 espaceurs en plastique sp\u00e9cialement con\u00e7us pour permettre \u00e0 l&rsquo;utilisateur de distribuer des quantit\u00e9s minimales de colorant. A appliquer dans le cas de couleurs de 0,8 l, pour les \u00e9chantillons et pour la reproduction des couleurs Ral.<\/p>\n","protected":false},"excerpt":{"rendered":"<p>Kit avec syst\u00e8mes de dosage pour les \u00e9chantillons et les petits formats<\/p>\n","protected":false},"featured_media":8210,"comment_status":"closed","ping_status":"closed","template":"","meta":{"_acf_changed":false},"product_brand":[],"product_cat":[219],"product_tag":[],"class_list":{"0":"post-6711","1":"product","2":"type-product","3":"status-publish","4":"has-post-thumbnail","6":"product_cat-accessoires-et-pieces-detachees","8":"first","9":"instock","10":"taxable","11":"shipping-taxable","12":"purchasable","13":"product-type-simple"},"acf":[],"_links":{"self":[{"href":"https:\/\/tintosmart.it\/fr\/wp-json\/wp\/v2\/product\/6711","targetHints":{"allow":["GET"]}}],"collection":[{"href":"https:\/\/tintosmart.it\/fr\/wp-json\/wp\/v2\/product"}],"about":[{"href":"https:\/\/tintosmart.it\/fr\/wp-json\/wp\/v2\/types\/product"}],"replies":[{"embeddable":true,"href":"https:\/\/tintosmart.it\/fr\/wp-json\/wp\/v2\/comments?post=6711"}],"wp:featuredmedia":[{"embeddable":true,"href":"https:\/\/tintosmart.it\/fr\/wp-json\/wp\/v2\/media\/8210"}],"wp:attachment":[{"href":"https:\/\/tintosmart.it\/fr\/wp-json\/wp\/v2\/media?parent=6711"}],"wp:term":[{"taxonomy":"product_brand","embeddable":true,"href":"https:\/\/tintosmart.it\/fr\/wp-json\/wp\/v2\/product_brand?post=6711"},{"taxonomy":"product_cat","embeddable":true,"href":"https:\/\/tintosmart.it\/fr\/wp-json\/wp\/v2\/product_cat?post=6711"},{"taxonomy":"product_tag","embeddable":true,"href":"https:\/\/tintosmart.it\/fr\/wp-json\/wp\/v2\/product_tag?post=6711"}],"curies":[{"name":"wp","href":"https:\/\/api.w.org\/{rel}","templated":true}]}}