{"id":6714,"date":"2021-04-05T19:06:39","date_gmt":"2021-04-05T17:06:39","guid":{"rendered":"http:\/\/tintosmart.it\/prodotto\/kit-darret-pour-mallette\/"},"modified":"2022-01-26T14:54:05","modified_gmt":"2022-01-26T13:54:05","slug":"kit-darret-pour-mallette","status":"publish","type":"product","link":"https:\/\/tintosmart.it\/fr\/produit\/kit-darret-pour-mallette\/","title":{"rendered":"KIT D&rsquo;ARR\u00caT POUR MALLETTE"},"content":{"rendered":"<p>Le kit est compos\u00e9 de 8 but\u00e9es en plastique n\u00e9cessaires pour permettre l&rsquo;insertion et ensuite bloquer chaque bouteille de colorant dans le logement appropri\u00e9. A remplacer par des espaceurs dans le cas de couleurs de 0,8 l minimum, d&rsquo;\u00e9chantillons et de couleurs ral.<\/p>\n","protected":false},"excerpt":{"rendered":"<p>Kit avec syst\u00e8mes de verrouillage pour le dosage standard<\/p>\n","protected":false},"featured_media":8213,"comment_status":"closed","ping_status":"closed","template":"","meta":{"_acf_changed":false},"product_brand":[],"product_cat":[219],"product_tag":[],"class_list":{"0":"post-6714","1":"product","2":"type-product","3":"status-publish","4":"has-post-thumbnail","6":"product_cat-accessoires-et-pieces-detachees","8":"first","9":"instock","10":"taxable","11":"shipping-taxable","12":"purchasable","13":"product-type-simple"},"acf":[],"_links":{"self":[{"href":"https:\/\/tintosmart.it\/fr\/wp-json\/wp\/v2\/product\/6714","targetHints":{"allow":["GET"]}}],"collection":[{"href":"https:\/\/tintosmart.it\/fr\/wp-json\/wp\/v2\/product"}],"about":[{"href":"https:\/\/tintosmart.it\/fr\/wp-json\/wp\/v2\/types\/product"}],"replies":[{"embeddable":true,"href":"https:\/\/tintosmart.it\/fr\/wp-json\/wp\/v2\/comments?post=6714"}],"wp:featuredmedia":[{"embeddable":true,"href":"https:\/\/tintosmart.it\/fr\/wp-json\/wp\/v2\/media\/8213"}],"wp:attachment":[{"href":"https:\/\/tintosmart.it\/fr\/wp-json\/wp\/v2\/media?parent=6714"}],"wp:term":[{"taxonomy":"product_brand","embeddable":true,"href":"https:\/\/tintosmart.it\/fr\/wp-json\/wp\/v2\/product_brand?post=6714"},{"taxonomy":"product_cat","embeddable":true,"href":"https:\/\/tintosmart.it\/fr\/wp-json\/wp\/v2\/product_cat?post=6714"},{"taxonomy":"product_tag","embeddable":true,"href":"https:\/\/tintosmart.it\/fr\/wp-json\/wp\/v2\/product_tag?post=6714"}],"curies":[{"name":"wp","href":"https:\/\/api.w.org\/{rel}","templated":true}]}}