{"id":6717,"date":"2021-04-08T00:15:34","date_gmt":"2021-04-07T22:15:34","guid":{"rendered":"http:\/\/tintosmart.it\/prodotto\/kit-ral-selection\/"},"modified":"2025-01-28T09:47:12","modified_gmt":"2025-01-28T08:47:12","slug":"kit-ral-selection","status":"publish","type":"product","link":"https:\/\/tintosmart.it\/fr\/produit\/kit-ral-selection\/","title":{"rendered":"KIT RAL SELECTION"},"content":{"rendered":"<p>Kit de s\u00e9lection Ral pour la reproduction de couleurs sombres et fortes avec une r\u00e9f\u00e9rence particuli\u00e8re \u00e0 une s\u00e9lection de Ral Tints. L&#8217;emballage a \u00e9t\u00e9 \u00e9tudi\u00e9 afin de permettre \u00e0 l&rsquo;utilisateur de peindre des bases transparentes superlavables de 0,7 l et des glacis muraux de 0,64 l.<\/p>\n","protected":false},"excerpt":{"rendered":"<p>Kit de coloration des bases transparentes avec des r\u00e9f\u00e9rences Ral s\u00e9lectionn\u00e9es<\/p>\n","protected":false},"featured_media":7068,"comment_status":"closed","ping_status":"closed","template":"","meta":{"_acf_changed":false},"product_brand":[],"product_cat":[208],"product_tag":[],"class_list":{"0":"post-6717","1":"product","2":"type-product","3":"status-publish","4":"has-post-thumbnail","6":"product_cat-kit-tintosmart","8":"first","9":"instock","10":"taxable","11":"shipping-taxable","12":"purchasable","13":"product-type-simple"},"acf":[],"_links":{"self":[{"href":"https:\/\/tintosmart.it\/fr\/wp-json\/wp\/v2\/product\/6717","targetHints":{"allow":["GET"]}}],"collection":[{"href":"https:\/\/tintosmart.it\/fr\/wp-json\/wp\/v2\/product"}],"about":[{"href":"https:\/\/tintosmart.it\/fr\/wp-json\/wp\/v2\/types\/product"}],"replies":[{"embeddable":true,"href":"https:\/\/tintosmart.it\/fr\/wp-json\/wp\/v2\/comments?post=6717"}],"wp:featuredmedia":[{"embeddable":true,"href":"https:\/\/tintosmart.it\/fr\/wp-json\/wp\/v2\/media\/7068"}],"wp:attachment":[{"href":"https:\/\/tintosmart.it\/fr\/wp-json\/wp\/v2\/media?parent=6717"}],"wp:term":[{"taxonomy":"product_brand","embeddable":true,"href":"https:\/\/tintosmart.it\/fr\/wp-json\/wp\/v2\/product_brand?post=6717"},{"taxonomy":"product_cat","embeddable":true,"href":"https:\/\/tintosmart.it\/fr\/wp-json\/wp\/v2\/product_cat?post=6717"},{"taxonomy":"product_tag","embeddable":true,"href":"https:\/\/tintosmart.it\/fr\/wp-json\/wp\/v2\/product_tag?post=6717"}],"curies":[{"name":"wp","href":"https:\/\/api.w.org\/{rel}","templated":true}]}}