{"id":6720,"date":"2021-04-05T19:08:42","date_gmt":"2021-04-05T19:08:42","guid":{"rendered":"http:\/\/tintosmart.it\/prodotto\/brosse\/"},"modified":"2022-01-26T14:52:43","modified_gmt":"2022-01-26T13:52:43","slug":"brosse","status":"publish","type":"product","link":"https:\/\/tintosmart.it\/fr\/produit\/brosse\/","title":{"rendered":"BROSSE"},"content":{"rendered":"<p>La brosse est \u00e9quip\u00e9e d&rsquo;un manche anatomique en plastique et caoutchouc capable de r\u00e9sister parfaitement au contact avec les solvants, d&rsquo;une virole en cuivre et de poils naturels mixtes avec un haut degr\u00e9 d&rsquo;absorption. Ceux-ci garantissent une application uniforme du produit et une resistance de couleur du 40% de plus qu&rsquo;une brosse \u00e0 poils purs. Elle est principalement appropri\u00e9e pour une utilisation avec des peintures acryliques et synth\u00e9tiques et est facile \u00e0 nettoyer avec un solvant ou de l&rsquo;eau. Dimensions: 40&#215;15 mm<\/p>\n","protected":false},"excerpt":{"rendered":"<p>Brosse professionnelle pour peintures synth\u00e9tiques et acryliques<\/p>\n","protected":false},"featured_media":8114,"comment_status":"closed","ping_status":"closed","template":"","meta":{"_acf_changed":false},"product_brand":[],"product_cat":[219],"product_tag":[],"class_list":{"0":"post-6720","1":"product","2":"type-product","3":"status-publish","4":"has-post-thumbnail","6":"product_cat-accessoires-et-pieces-detachees","8":"first","9":"instock","10":"taxable","11":"shipping-taxable","12":"purchasable","13":"product-type-simple"},"acf":[],"_links":{"self":[{"href":"https:\/\/tintosmart.it\/fr\/wp-json\/wp\/v2\/product\/6720","targetHints":{"allow":["GET"]}}],"collection":[{"href":"https:\/\/tintosmart.it\/fr\/wp-json\/wp\/v2\/product"}],"about":[{"href":"https:\/\/tintosmart.it\/fr\/wp-json\/wp\/v2\/types\/product"}],"replies":[{"embeddable":true,"href":"https:\/\/tintosmart.it\/fr\/wp-json\/wp\/v2\/comments?post=6720"}],"wp:featuredmedia":[{"embeddable":true,"href":"https:\/\/tintosmart.it\/fr\/wp-json\/wp\/v2\/media\/8114"}],"wp:attachment":[{"href":"https:\/\/tintosmart.it\/fr\/wp-json\/wp\/v2\/media?parent=6720"}],"wp:term":[{"taxonomy":"product_brand","embeddable":true,"href":"https:\/\/tintosmart.it\/fr\/wp-json\/wp\/v2\/product_brand?post=6720"},{"taxonomy":"product_cat","embeddable":true,"href":"https:\/\/tintosmart.it\/fr\/wp-json\/wp\/v2\/product_cat?post=6720"},{"taxonomy":"product_tag","embeddable":true,"href":"https:\/\/tintosmart.it\/fr\/wp-json\/wp\/v2\/product_tag?post=6720"}],"curies":[{"name":"wp","href":"https:\/\/api.w.org\/{rel}","templated":true}]}}