{"id":6723,"date":"2021-03-28T15:17:51","date_gmt":"2021-03-28T13:17:51","guid":{"rendered":"http:\/\/tintosmart.it\/prodotto\/collection-de-couleurs-mercure\/"},"modified":"2022-01-26T15:02:21","modified_gmt":"2022-01-26T14:02:21","slug":"collection-de-couleurs-mercure","status":"publish","type":"product","link":"https:\/\/tintosmart.it\/fr\/produit\/collection-de-couleurs-mercure\/","title":{"rendered":"COLLECTION DE COULEURS MERCURE"},"content":{"rendered":"<p>La collection de couleurs du nuancier Mercury a \u00e9t\u00e9 con\u00e7ue pour offrir des couleurs fortes et en m\u00eame temps d\u00e9licates, capables de transmettre la gaiet\u00e9, l&rsquo;optimisme et la vitalit\u00e9. Elles sont donc id\u00e9ales pour faire revivre les environnements les plus \u00e9l\u00e9gants des maisons tels que les salons, les pi\u00e8ces \u00e0 vivre et les chambres \u00e0 coucher, c&rsquo;est-\u00e0-dire des espaces confortables et accueillants qui ont besoin d&rsquo;une touche d&rsquo;identit\u00e9 et de passion. Ce dossier peut \u00eatre utilis\u00e9 pour toutes les peintures \u00e0 l&rsquo;eau super lavables du march\u00e9.<\/p>\n","protected":false},"excerpt":{"rendered":"<p>Nuancier Mercury pour peintures \u00e0 l&rsquo;eau superlavables<\/p>\n","protected":false},"featured_media":8354,"comment_status":"closed","ping_status":"closed","template":"","meta":{"_acf_changed":false},"product_brand":[],"product_cat":[216],"product_tag":[],"class_list":{"0":"post-6723","1":"product","2":"type-product","3":"status-publish","4":"has-post-thumbnail","6":"product_cat-nuanciers-et-formulaires","8":"first","9":"instock","10":"taxable","11":"shipping-taxable","12":"purchasable","13":"product-type-simple"},"acf":[],"_links":{"self":[{"href":"https:\/\/tintosmart.it\/fr\/wp-json\/wp\/v2\/product\/6723","targetHints":{"allow":["GET"]}}],"collection":[{"href":"https:\/\/tintosmart.it\/fr\/wp-json\/wp\/v2\/product"}],"about":[{"href":"https:\/\/tintosmart.it\/fr\/wp-json\/wp\/v2\/types\/product"}],"replies":[{"embeddable":true,"href":"https:\/\/tintosmart.it\/fr\/wp-json\/wp\/v2\/comments?post=6723"}],"wp:featuredmedia":[{"embeddable":true,"href":"https:\/\/tintosmart.it\/fr\/wp-json\/wp\/v2\/media\/8354"}],"wp:attachment":[{"href":"https:\/\/tintosmart.it\/fr\/wp-json\/wp\/v2\/media?parent=6723"}],"wp:term":[{"taxonomy":"product_brand","embeddable":true,"href":"https:\/\/tintosmart.it\/fr\/wp-json\/wp\/v2\/product_brand?post=6723"},{"taxonomy":"product_cat","embeddable":true,"href":"https:\/\/tintosmart.it\/fr\/wp-json\/wp\/v2\/product_cat?post=6723"},{"taxonomy":"product_tag","embeddable":true,"href":"https:\/\/tintosmart.it\/fr\/wp-json\/wp\/v2\/product_tag?post=6723"}],"curies":[{"name":"wp","href":"https:\/\/api.w.org\/{rel}","templated":true}]}}