{"id":6726,"date":"2021-04-05T19:05:11","date_gmt":"2021-04-05T19:05:11","guid":{"rendered":"http:\/\/tintosmart.it\/prodotto\/truelle-en-acier\/"},"modified":"2022-01-26T14:54:55","modified_gmt":"2022-01-26T13:54:55","slug":"truelle-en-acier","status":"publish","type":"product","link":"https:\/\/tintosmart.it\/fr\/produit\/truelle-en-acier\/","title":{"rendered":"TRUELLE EN ACIER"},"content":{"rendered":"<p>La truelle en acier inoxydable est id\u00e9ale pour cr\u00e9er des effets particuliers avec des produits d\u00e9coratifs. Les coins arrondis garantissent \u00e0 l&rsquo;utilisateur une plus grande s\u00e9curit\u00e9 car ils \u00e9vitent d&rsquo;endommager accidentellement les supports ou les applicateurs. Le manche en bois rainur\u00e9 garantit une prise en main ferme et une excellente manipulation, ainsi qu&rsquo;une r\u00e9sistance prolong\u00e9e dans le temps. Dimensions: 240&#215;100 mm<\/p>\n","protected":false},"excerpt":{"rendered":"<p>Truelle en acier classique pour la d\u00e9coration<\/p>\n","protected":false},"featured_media":8111,"comment_status":"closed","ping_status":"closed","template":"","meta":{"_acf_changed":false},"product_brand":[],"product_cat":[219],"product_tag":[],"class_list":{"0":"post-6726","1":"product","2":"type-product","3":"status-publish","4":"has-post-thumbnail","6":"product_cat-accessoires-et-pieces-detachees","8":"first","9":"instock","10":"taxable","11":"shipping-taxable","12":"purchasable","13":"product-type-simple"},"acf":[],"_links":{"self":[{"href":"https:\/\/tintosmart.it\/fr\/wp-json\/wp\/v2\/product\/6726","targetHints":{"allow":["GET"]}}],"collection":[{"href":"https:\/\/tintosmart.it\/fr\/wp-json\/wp\/v2\/product"}],"about":[{"href":"https:\/\/tintosmart.it\/fr\/wp-json\/wp\/v2\/types\/product"}],"replies":[{"embeddable":true,"href":"https:\/\/tintosmart.it\/fr\/wp-json\/wp\/v2\/comments?post=6726"}],"wp:featuredmedia":[{"embeddable":true,"href":"https:\/\/tintosmart.it\/fr\/wp-json\/wp\/v2\/media\/8111"}],"wp:attachment":[{"href":"https:\/\/tintosmart.it\/fr\/wp-json\/wp\/v2\/media?parent=6726"}],"wp:term":[{"taxonomy":"product_brand","embeddable":true,"href":"https:\/\/tintosmart.it\/fr\/wp-json\/wp\/v2\/product_brand?post=6726"},{"taxonomy":"product_cat","embeddable":true,"href":"https:\/\/tintosmart.it\/fr\/wp-json\/wp\/v2\/product_cat?post=6726"},{"taxonomy":"product_tag","embeddable":true,"href":"https:\/\/tintosmart.it\/fr\/wp-json\/wp\/v2\/product_tag?post=6726"}],"curies":[{"name":"wp","href":"https:\/\/api.w.org\/{rel}","templated":true}]}}