{"id":6729,"date":"2021-04-05T19:12:18","date_gmt":"2021-04-05T19:12:18","guid":{"rendered":"http:\/\/tintosmart.it\/prodotto\/perche\/"},"modified":"2022-01-26T14:49:55","modified_gmt":"2022-01-26T13:49:55","slug":"perche","status":"publish","type":"product","link":"https:\/\/tintosmart.it\/fr\/produit\/perche\/","title":{"rendered":"PERCHE"},"content":{"rendered":"<p>La perche en aluminium est l\u00e9ger mais en m\u00eame temps r\u00e9sistant et extensible jusqu&rsquo;\u00e0 2 m\u00e8tres de longueur, ce qui le rend parfait pour la peinture professionnelle des zones difficiles \u00e0 atteindre en raison de la hauteur. Le diam\u00e8tre de 18 mm est id\u00e9al pour une utilisation avec les manches des rouleaux les plus utilis\u00e9es sur le march\u00e9. Dimensions: 110 \u00e0 200 x 18 mm<\/p>\n","protected":false},"excerpt":{"rendered":"<p>Perche t\u00e9lescopique en aluminium r\u00e9glable<\/p>\n","protected":false},"featured_media":8108,"comment_status":"closed","ping_status":"closed","template":"","meta":{"_acf_changed":false},"product_brand":[],"product_cat":[219],"product_tag":[],"class_list":{"0":"post-6729","1":"product","2":"type-product","3":"status-publish","4":"has-post-thumbnail","6":"product_cat-accessoires-et-pieces-detachees","8":"first","9":"instock","10":"taxable","11":"shipping-taxable","12":"purchasable","13":"product-type-simple"},"acf":[],"_links":{"self":[{"href":"https:\/\/tintosmart.it\/fr\/wp-json\/wp\/v2\/product\/6729","targetHints":{"allow":["GET"]}}],"collection":[{"href":"https:\/\/tintosmart.it\/fr\/wp-json\/wp\/v2\/product"}],"about":[{"href":"https:\/\/tintosmart.it\/fr\/wp-json\/wp\/v2\/types\/product"}],"replies":[{"embeddable":true,"href":"https:\/\/tintosmart.it\/fr\/wp-json\/wp\/v2\/comments?post=6729"}],"wp:featuredmedia":[{"embeddable":true,"href":"https:\/\/tintosmart.it\/fr\/wp-json\/wp\/v2\/media\/8108"}],"wp:attachment":[{"href":"https:\/\/tintosmart.it\/fr\/wp-json\/wp\/v2\/media?parent=6729"}],"wp:term":[{"taxonomy":"product_brand","embeddable":true,"href":"https:\/\/tintosmart.it\/fr\/wp-json\/wp\/v2\/product_brand?post=6729"},{"taxonomy":"product_cat","embeddable":true,"href":"https:\/\/tintosmart.it\/fr\/wp-json\/wp\/v2\/product_cat?post=6729"},{"taxonomy":"product_tag","embeddable":true,"href":"https:\/\/tintosmart.it\/fr\/wp-json\/wp\/v2\/product_tag?post=6729"}],"curies":[{"name":"wp","href":"https:\/\/api.w.org\/{rel}","templated":true}]}}