{"id":6732,"date":"2021-04-05T19:08:04","date_gmt":"2021-04-05T19:08:04","guid":{"rendered":"http:\/\/tintosmart.it\/prodotto\/brosse-rectangulaire\/"},"modified":"2022-01-26T14:53:14","modified_gmt":"2022-01-26T13:53:14","slug":"brosse-rectangulaire","status":"publish","type":"product","link":"https:\/\/tintosmart.it\/fr\/produit\/brosse-rectangulaire\/","title":{"rendered":"BROSSE RECTANGULAIRE"},"content":{"rendered":"<p>La brosse est \u00e9quip\u00e9e d&rsquo;un manche en plastique et caoutchouc capable de r\u00e9sister parfaitement au contact avec les solvants. Sa forme anatomique le rend adapt\u00e9 \u00e0 une utilisation prolong\u00e9e pendant la journ\u00e9e. Elle est principalement appropri\u00e9e pour une utilisation avec peintures murales\u00e0 l&rsquo;eau pour l&rsquo;int\u00e9rieur et l&rsquo;ext\u00e9rieur. En outre, le crochet lat\u00e9ral estparfait pour placer la brosse contre le bord du bidon sans salir les surfaces. Dimensions: 150 x 50 mm<\/p>\n","protected":false},"excerpt":{"rendered":"<p>Brosse professionnelle pour peintures murales \u00e0 l&rsquo;eau<\/p>\n","protected":false},"featured_media":8105,"comment_status":"closed","ping_status":"closed","template":"","meta":{"_acf_changed":false},"product_brand":[],"product_cat":[219],"product_tag":[],"class_list":{"0":"post-6732","1":"product","2":"type-product","3":"status-publish","4":"has-post-thumbnail","6":"product_cat-accessoires-et-pieces-detachees","8":"first","9":"instock","10":"taxable","11":"shipping-taxable","12":"purchasable","13":"product-type-simple"},"acf":[],"_links":{"self":[{"href":"https:\/\/tintosmart.it\/fr\/wp-json\/wp\/v2\/product\/6732","targetHints":{"allow":["GET"]}}],"collection":[{"href":"https:\/\/tintosmart.it\/fr\/wp-json\/wp\/v2\/product"}],"about":[{"href":"https:\/\/tintosmart.it\/fr\/wp-json\/wp\/v2\/types\/product"}],"replies":[{"embeddable":true,"href":"https:\/\/tintosmart.it\/fr\/wp-json\/wp\/v2\/comments?post=6732"}],"wp:featuredmedia":[{"embeddable":true,"href":"https:\/\/tintosmart.it\/fr\/wp-json\/wp\/v2\/media\/8105"}],"wp:attachment":[{"href":"https:\/\/tintosmart.it\/fr\/wp-json\/wp\/v2\/media?parent=6732"}],"wp:term":[{"taxonomy":"product_brand","embeddable":true,"href":"https:\/\/tintosmart.it\/fr\/wp-json\/wp\/v2\/product_brand?post=6732"},{"taxonomy":"product_cat","embeddable":true,"href":"https:\/\/tintosmart.it\/fr\/wp-json\/wp\/v2\/product_cat?post=6732"},{"taxonomy":"product_tag","embeddable":true,"href":"https:\/\/tintosmart.it\/fr\/wp-json\/wp\/v2\/product_tag?post=6732"}],"curies":[{"name":"wp","href":"https:\/\/api.w.org\/{rel}","templated":true}]}}