{"id":6735,"date":"2021-04-05T19:13:46","date_gmt":"2021-04-05T19:13:46","guid":{"rendered":"http:\/\/tintosmart.it\/prodotto\/collecteur-de-couleurs\/"},"modified":"2022-01-26T13:32:07","modified_gmt":"2022-01-26T12:32:07","slug":"collecteur-de-couleurs","status":"publish","type":"product","link":"https:\/\/tintosmart.it\/fr\/produit\/collecteur-de-couleurs\/","title":{"rendered":"COLLECTEUR DE COULEURS"},"content":{"rendered":"<p>Le classeur \u00ab\u00a0Porte-Formules Personnelles\u00a0\u00bb est la solution id\u00e9ale pour maintenir les plaquettes avec les applications des diff\u00e9rentes couleurs d&rsquo;\u00e9chantillon et personnalis\u00e9es. Gr\u00e2ce aux diff\u00e9rentes cartes de couleurs ins\u00e9r\u00e9es dans le Porte-formules personnelles, il est possible de donner libre cours \u00e0 votre cr\u00e9ativit\u00e9 en personnalisant les couleurs avec votre propre jeu de colorants et de distributeurs, avec l&rsquo;objectif de cr\u00e9er de nouvelles couleurs et nuances ou de stocker des \u00e9chantillons cr\u00e9\u00e9s ad hoc pour les clients. L&rsquo;archivage des donn\u00e9es personnelles, en dehors de ce qui est indiqu\u00e9 dans les dossiers en couleur et le formulaire, permettra de rechercher des r\u00e9f\u00e9rences chaque fois que cela sera n\u00e9cessaire.<\/p>\n","protected":false},"excerpt":{"rendered":"<p>Classeur contenant des couleurs personnalis\u00e9es<\/p>\n","protected":false},"featured_media":8102,"comment_status":"closed","ping_status":"closed","template":"","meta":{"_acf_changed":false},"product_brand":[],"product_cat":[219],"product_tag":[],"class_list":{"0":"post-6735","1":"product","2":"type-product","3":"status-publish","4":"has-post-thumbnail","6":"product_cat-accessoires-et-pieces-detachees","8":"first","9":"instock","10":"taxable","11":"shipping-taxable","12":"purchasable","13":"product-type-simple"},"acf":[],"_links":{"self":[{"href":"https:\/\/tintosmart.it\/fr\/wp-json\/wp\/v2\/product\/6735","targetHints":{"allow":["GET"]}}],"collection":[{"href":"https:\/\/tintosmart.it\/fr\/wp-json\/wp\/v2\/product"}],"about":[{"href":"https:\/\/tintosmart.it\/fr\/wp-json\/wp\/v2\/types\/product"}],"replies":[{"embeddable":true,"href":"https:\/\/tintosmart.it\/fr\/wp-json\/wp\/v2\/comments?post=6735"}],"wp:featuredmedia":[{"embeddable":true,"href":"https:\/\/tintosmart.it\/fr\/wp-json\/wp\/v2\/media\/8102"}],"wp:attachment":[{"href":"https:\/\/tintosmart.it\/fr\/wp-json\/wp\/v2\/media?parent=6735"}],"wp:term":[{"taxonomy":"product_brand","embeddable":true,"href":"https:\/\/tintosmart.it\/fr\/wp-json\/wp\/v2\/product_brand?post=6735"},{"taxonomy":"product_cat","embeddable":true,"href":"https:\/\/tintosmart.it\/fr\/wp-json\/wp\/v2\/product_cat?post=6735"},{"taxonomy":"product_tag","embeddable":true,"href":"https:\/\/tintosmart.it\/fr\/wp-json\/wp\/v2\/product_tag?post=6735"}],"curies":[{"name":"wp","href":"https:\/\/api.w.org\/{rel}","templated":true}]}}