{"id":6738,"date":"2021-03-28T15:30:07","date_gmt":"2021-03-28T13:30:07","guid":{"rendered":"http:\/\/tintosmart.it\/prodotto\/collection-des-couleurs-ral-selection\/"},"modified":"2022-01-26T15:01:56","modified_gmt":"2022-01-26T14:01:56","slug":"collection-des-couleurs-ral-selection","status":"publish","type":"product","link":"https:\/\/tintosmart.it\/fr\/produit\/collection-des-couleurs-ral-selection\/","title":{"rendered":"COLLECTION DES COULEURS RAL SELECTION"},"content":{"rendered":"<p>La collection de couleurs du nuancier RAL Selection contient des couleurs formul\u00e9es pour faire ressortir des environnements domestiques prestigieux ayant leur propre identit\u00e9 et pour transmettre \u00e0 l&rsquo;\u0153il humain des sensations et des \u00e9motions positives telles que l&rsquo;\u00e9nergie, l&rsquo;enthousiasme, la joie et l&rsquo;optimisme. Les couleurs du dossier S\u00e9lection RAL sont id\u00e9ales pour retoucher ou peindre les plinthes, les bords ou les cadres dans des environnements prestigieux tels que les salons, les chambres ou les murs de lieux publics.<\/p>\n","protected":false},"excerpt":{"rendered":"<p>Nuancier des Couleurs S\u00e9lectionn\u00e9es Ral<\/p>\n","protected":false},"featured_media":8336,"comment_status":"closed","ping_status":"closed","template":"","meta":{"_acf_changed":false},"product_brand":[],"product_cat":[216],"product_tag":[],"class_list":{"0":"post-6738","1":"product","2":"type-product","3":"status-publish","4":"has-post-thumbnail","6":"product_cat-nuanciers-et-formulaires","8":"first","9":"instock","10":"taxable","11":"shipping-taxable","12":"purchasable","13":"product-type-simple"},"acf":[],"_links":{"self":[{"href":"https:\/\/tintosmart.it\/fr\/wp-json\/wp\/v2\/product\/6738","targetHints":{"allow":["GET"]}}],"collection":[{"href":"https:\/\/tintosmart.it\/fr\/wp-json\/wp\/v2\/product"}],"about":[{"href":"https:\/\/tintosmart.it\/fr\/wp-json\/wp\/v2\/types\/product"}],"replies":[{"embeddable":true,"href":"https:\/\/tintosmart.it\/fr\/wp-json\/wp\/v2\/comments?post=6738"}],"wp:featuredmedia":[{"embeddable":true,"href":"https:\/\/tintosmart.it\/fr\/wp-json\/wp\/v2\/media\/8336"}],"wp:attachment":[{"href":"https:\/\/tintosmart.it\/fr\/wp-json\/wp\/v2\/media?parent=6738"}],"wp:term":[{"taxonomy":"product_brand","embeddable":true,"href":"https:\/\/tintosmart.it\/fr\/wp-json\/wp\/v2\/product_brand?post=6738"},{"taxonomy":"product_cat","embeddable":true,"href":"https:\/\/tintosmart.it\/fr\/wp-json\/wp\/v2\/product_cat?post=6738"},{"taxonomy":"product_tag","embeddable":true,"href":"https:\/\/tintosmart.it\/fr\/wp-json\/wp\/v2\/product_tag?post=6738"}],"curies":[{"name":"wp","href":"https:\/\/api.w.org\/{rel}","templated":true}]}}