{"id":6741,"date":"2021-04-05T19:12:42","date_gmt":"2021-04-05T19:12:42","guid":{"rendered":"http:\/\/tintosmart.it\/prodotto\/brosse-plate-rectangulaire\/"},"modified":"2022-01-26T13:32:23","modified_gmt":"2022-01-26T12:32:23","slug":"brosse-plate-rectangulaire","status":"publish","type":"product","link":"https:\/\/tintosmart.it\/fr\/produit\/brosse-plate-rectangulaire\/","title":{"rendered":"BROSSE PLATE RECTANGULAIRE"},"content":{"rendered":"<p>La brosse est \u00e9quip\u00e9e d&rsquo;un manche en bois, d&rsquo;une virole en plastique anti-goutte et de poils blancs \u00e9ventail. Elle est principalement appropri\u00e9e pour une utilisation avec des peintures murales \u00e0 base d&rsquo;eau pour int\u00e9rieurs et ext\u00e9rieurs. De plus, le crochet lat\u00e9ral est parfait pour placer la brosse contre le bord du bidon sans salir les surfaces. Dimensions: 70&#215;30 mm<\/p>\n","protected":false},"excerpt":{"rendered":"<p>Brosse plate rectangulaire professionnelle pour peintures murales \u00e0 l&rsquo;eau<\/p>\n","protected":false},"featured_media":8099,"comment_status":"closed","ping_status":"closed","template":"","meta":{"_acf_changed":false},"product_brand":[],"product_cat":[219],"product_tag":[],"class_list":{"0":"post-6741","1":"product","2":"type-product","3":"status-publish","4":"has-post-thumbnail","6":"product_cat-accessoires-et-pieces-detachees","8":"first","9":"instock","10":"taxable","11":"shipping-taxable","12":"purchasable","13":"product-type-simple"},"acf":[],"_links":{"self":[{"href":"https:\/\/tintosmart.it\/fr\/wp-json\/wp\/v2\/product\/6741","targetHints":{"allow":["GET"]}}],"collection":[{"href":"https:\/\/tintosmart.it\/fr\/wp-json\/wp\/v2\/product"}],"about":[{"href":"https:\/\/tintosmart.it\/fr\/wp-json\/wp\/v2\/types\/product"}],"replies":[{"embeddable":true,"href":"https:\/\/tintosmart.it\/fr\/wp-json\/wp\/v2\/comments?post=6741"}],"wp:featuredmedia":[{"embeddable":true,"href":"https:\/\/tintosmart.it\/fr\/wp-json\/wp\/v2\/media\/8099"}],"wp:attachment":[{"href":"https:\/\/tintosmart.it\/fr\/wp-json\/wp\/v2\/media?parent=6741"}],"wp:term":[{"taxonomy":"product_brand","embeddable":true,"href":"https:\/\/tintosmart.it\/fr\/wp-json\/wp\/v2\/product_brand?post=6741"},{"taxonomy":"product_cat","embeddable":true,"href":"https:\/\/tintosmart.it\/fr\/wp-json\/wp\/v2\/product_cat?post=6741"},{"taxonomy":"product_tag","embeddable":true,"href":"https:\/\/tintosmart.it\/fr\/wp-json\/wp\/v2\/product_tag?post=6741"}],"curies":[{"name":"wp","href":"https:\/\/api.w.org\/{rel}","templated":true}]}}