{"id":6747,"date":"2021-04-05T19:14:22","date_gmt":"2021-04-05T19:14:22","guid":{"rendered":"http:\/\/tintosmart.it\/prodotto\/rouleau\/"},"modified":"2022-01-26T15:26:37","modified_gmt":"2022-01-26T14:26:37","slug":"rouleau","status":"publish","type":"product","link":"https:\/\/tintosmart.it\/fr\/produit\/rouleau\/","title":{"rendered":"ROULEAU"},"content":{"rendered":"<p>Le rouleau en 100% nylon est id\u00e9al pour l&rsquo;application professionnelle de peintures \u00e0 l&rsquo;eau et d&rsquo;\u00e9maux muraux pour int\u00e9rieurs et ext\u00e9rieurs. Sa petite taille le rend parfait pour les op\u00e9rations de finition ou l\u00e0 o\u00f9 la surface \u00e0 peindre est petite. Le manche avec poign\u00e9e en caoutchouc le rend facile \u00e0 manipuler et confortable \u00e0 utiliser, tandis que la structure en fer garantit une r\u00e9sistance prolong\u00e9e dans le temps. Dimensions: 100 x 15 mm<\/p>\n","protected":false},"excerpt":{"rendered":"<p>Rouleau professionnel \u00e0 poils longs pour peintures murales \u00e0 l&rsquo;eau<\/p>\n","protected":false},"featured_media":8096,"comment_status":"closed","ping_status":"closed","template":"","meta":{"_acf_changed":false},"product_brand":[],"product_cat":[219],"product_tag":[],"class_list":{"0":"post-6747","1":"product","2":"type-product","3":"status-publish","4":"has-post-thumbnail","6":"product_cat-accessoires-et-pieces-detachees","8":"first","9":"instock","10":"taxable","11":"shipping-taxable","12":"purchasable","13":"product-type-simple"},"acf":[],"_links":{"self":[{"href":"https:\/\/tintosmart.it\/fr\/wp-json\/wp\/v2\/product\/6747","targetHints":{"allow":["GET"]}}],"collection":[{"href":"https:\/\/tintosmart.it\/fr\/wp-json\/wp\/v2\/product"}],"about":[{"href":"https:\/\/tintosmart.it\/fr\/wp-json\/wp\/v2\/types\/product"}],"replies":[{"embeddable":true,"href":"https:\/\/tintosmart.it\/fr\/wp-json\/wp\/v2\/comments?post=6747"}],"wp:featuredmedia":[{"embeddable":true,"href":"https:\/\/tintosmart.it\/fr\/wp-json\/wp\/v2\/media\/8096"}],"wp:attachment":[{"href":"https:\/\/tintosmart.it\/fr\/wp-json\/wp\/v2\/media?parent=6747"}],"wp:term":[{"taxonomy":"product_brand","embeddable":true,"href":"https:\/\/tintosmart.it\/fr\/wp-json\/wp\/v2\/product_brand?post=6747"},{"taxonomy":"product_cat","embeddable":true,"href":"https:\/\/tintosmart.it\/fr\/wp-json\/wp\/v2\/product_cat?post=6747"},{"taxonomy":"product_tag","embeddable":true,"href":"https:\/\/tintosmart.it\/fr\/wp-json\/wp\/v2\/product_tag?post=6747"}],"curies":[{"name":"wp","href":"https:\/\/api.w.org\/{rel}","templated":true}]}}