{"id":6750,"date":"2021-04-08T00:05:04","date_gmt":"2021-04-07T22:05:04","guid":{"rendered":"http:\/\/tintosmart.it\/prodotto\/starter-kit-tintosmart\/"},"modified":"2025-01-28T09:40:45","modified_gmt":"2025-01-28T08:40:45","slug":"starter-kit-tintosmart","status":"publish","type":"product","link":"https:\/\/tintosmart.it\/fr\/produit\/starter-kit-tintosmart\/","title":{"rendered":"STARTER KIT TintoSmart"},"content":{"rendered":"<p class=\"p1\" style=\"text-align: center;\">TintoSmart est un tintom\u00e8tre portable qui vous permet de colorer, de mani\u00e8re pratique et pr\u00e9cise, des peintures \u00e0 l&rsquo;eau, des \u00e9maux muraux, des \u00e9maux acryliques \u00e0 base d&rsquo;eau pour le fer et le bois et des finitions d\u00e9coratives, gr\u00e2ce \u00e0 l&rsquo;utilisation de 8 colorants sans Voc \u00e0 base d&rsquo;eau qui peuvent \u00eatre dos\u00e9s en quelques secondes. Les colorants se dosent selon des dosages standardis\u00e9 et sans l&rsquo;aide de la balance. Il est possible de reproduire \u00e0 la fois les plus de 500 couleurs contenues dans les nuanciers inclus dans le kit, et les couleurs souhait\u00e9es et personnalis\u00e9es, laissant libre cours \u00e0 votre cr\u00e9ativit\u00e9. Pour la reproduction correcte de la couleur s\u00e9lectionn\u00e9e dans le nuancier, il est n\u00e9cessaire de suivre une fiche tintom\u00e9trique, soit sur papier soit num\u00e9rique, qui indique le nombre correct de dosages pour chaque colorant ins\u00e9r\u00e9 dans le tintom\u00e8tre. Le Kit de d\u00e9marrage TintoSmart est un v\u00e9ritable kit complet \u00e9quip\u00e9 de tous les outils n\u00e9cessaires pour effectuer les processus de coloration et de m\u00e9lange de mani\u00e8re extr\u00eamement simple et efficace. En plus du Tintom\u00e8tre portable et des 8 colorants, le kit comprend : des nuanciers, des formulaires et des accessoires n\u00e9cessaires au m\u00e9lange et \u00e0 la personnalisation des diff\u00e9rentes couleurs.<\/p>\n","protected":false},"excerpt":{"rendered":"<p>Kit de d\u00e9marrage complet pour l&rsquo;utilisation du tintom\u00e8tre portable TintoSmart<\/p>\n","protected":false},"featured_media":10523,"comment_status":"closed","ping_status":"closed","template":"","meta":{"_acf_changed":false},"product_brand":[],"product_cat":[208],"product_tag":[],"class_list":{"0":"post-6750","1":"product","2":"type-product","3":"status-publish","4":"has-post-thumbnail","6":"product_cat-kit-tintosmart","8":"first","9":"instock","10":"taxable","11":"shipping-taxable","12":"purchasable","13":"product-type-simple"},"acf":[],"_links":{"self":[{"href":"https:\/\/tintosmart.it\/fr\/wp-json\/wp\/v2\/product\/6750","targetHints":{"allow":["GET"]}}],"collection":[{"href":"https:\/\/tintosmart.it\/fr\/wp-json\/wp\/v2\/product"}],"about":[{"href":"https:\/\/tintosmart.it\/fr\/wp-json\/wp\/v2\/types\/product"}],"replies":[{"embeddable":true,"href":"https:\/\/tintosmart.it\/fr\/wp-json\/wp\/v2\/comments?post=6750"}],"wp:featuredmedia":[{"embeddable":true,"href":"https:\/\/tintosmart.it\/fr\/wp-json\/wp\/v2\/media\/10523"}],"wp:attachment":[{"href":"https:\/\/tintosmart.it\/fr\/wp-json\/wp\/v2\/media?parent=6750"}],"wp:term":[{"taxonomy":"product_brand","embeddable":true,"href":"https:\/\/tintosmart.it\/fr\/wp-json\/wp\/v2\/product_brand?post=6750"},{"taxonomy":"product_cat","embeddable":true,"href":"https:\/\/tintosmart.it\/fr\/wp-json\/wp\/v2\/product_cat?post=6750"},{"taxonomy":"product_tag","embeddable":true,"href":"https:\/\/tintosmart.it\/fr\/wp-json\/wp\/v2\/product_tag?post=6750"}],"curies":[{"name":"wp","href":"https:\/\/api.w.org\/{rel}","templated":true}]}}