{"id":6759,"date":"2021-03-28T15:46:06","date_gmt":"2021-03-28T13:46:06","guid":{"rendered":"http:\/\/tintosmart.it\/prodotto\/formulaire-tintometrique-collections-de-couleurs\/"},"modified":"2022-01-26T15:01:04","modified_gmt":"2022-01-26T14:01:04","slug":"formulaire-tintometrique-collections-de-couleurs","status":"publish","type":"product","link":"https:\/\/tintosmart.it\/fr\/produit\/formulaire-tintometrique-collections-de-couleurs\/","title":{"rendered":"FORMULAIRE TINTOM\u00c9TRIQUE &#8211; COLLECTIONS DE COULEURS"},"content":{"rendered":"<p>Le formulaire Tintometric a \u00e9t\u00e9 sp\u00e9cialement con\u00e7u pour permettre \u00e0 l&rsquo;utilisateur de consulter de mani\u00e8re claire, simple et rapide les diff\u00e9rentes combinaisons de colorants n\u00e9cessaires \u00e0 la reproduction des 4 collections de couleurs TintoSmart : Venera, Gemini, Mercury et Kepler. En utilisant cette m\u00e9thode analytique, la marge d&rsquo;erreur bas\u00e9e sur un dosage extemporan\u00e9e et inconstante est consid\u00e9rablement r\u00e9duite. En respectant les indications pr\u00e9sentes dans les diff\u00e9rents tableaux par rapport au nombre de dosages de chaque p\u00e2te colorante, il est possible d&rsquo;obtenir des couleurs toujours pr\u00e9cises et r\u00e9p\u00e9tables dans le temps. Le formulaire indique sous forme de tableau le code couleur du nuancier, le format du produit et surtout le nombre de doses de chaque p\u00e2te colorante.<\/p>\n","protected":false},"excerpt":{"rendered":"<p>Liste contenant les formules de couleurs des collections TintoSmart<\/p>\n","protected":false},"featured_media":8312,"comment_status":"closed","ping_status":"closed","template":"","meta":{"_acf_changed":false},"product_brand":[],"product_cat":[216],"product_tag":[],"class_list":{"0":"post-6759","1":"product","2":"type-product","3":"status-publish","4":"has-post-thumbnail","6":"product_cat-nuanciers-et-formulaires","8":"first","9":"instock","10":"taxable","11":"shipping-taxable","12":"purchasable","13":"product-type-simple"},"acf":[],"_links":{"self":[{"href":"https:\/\/tintosmart.it\/fr\/wp-json\/wp\/v2\/product\/6759","targetHints":{"allow":["GET"]}}],"collection":[{"href":"https:\/\/tintosmart.it\/fr\/wp-json\/wp\/v2\/product"}],"about":[{"href":"https:\/\/tintosmart.it\/fr\/wp-json\/wp\/v2\/types\/product"}],"replies":[{"embeddable":true,"href":"https:\/\/tintosmart.it\/fr\/wp-json\/wp\/v2\/comments?post=6759"}],"wp:featuredmedia":[{"embeddable":true,"href":"https:\/\/tintosmart.it\/fr\/wp-json\/wp\/v2\/media\/8312"}],"wp:attachment":[{"href":"https:\/\/tintosmart.it\/fr\/wp-json\/wp\/v2\/media?parent=6759"}],"wp:term":[{"taxonomy":"product_brand","embeddable":true,"href":"https:\/\/tintosmart.it\/fr\/wp-json\/wp\/v2\/product_brand?post=6759"},{"taxonomy":"product_cat","embeddable":true,"href":"https:\/\/tintosmart.it\/fr\/wp-json\/wp\/v2\/product_cat?post=6759"},{"taxonomy":"product_tag","embeddable":true,"href":"https:\/\/tintosmart.it\/fr\/wp-json\/wp\/v2\/product_tag?post=6759"}],"curies":[{"name":"wp","href":"https:\/\/api.w.org\/{rel}","templated":true}]}}