{"id":9747,"date":"2021-09-29T16:01:35","date_gmt":"2021-09-29T14:01:35","guid":{"rendered":"http:\/\/tintosmart.it\/?post_type=product&#038;p=9747"},"modified":"2021-09-30T17:43:17","modified_gmt":"2021-09-30T15:43:17","slug":"tige-de-melange-en-silicone","status":"publish","type":"product","link":"https:\/\/tintosmart.it\/fr\/produit\/tige-de-melange-en-silicone\/","title":{"rendered":"TIGE DE M\u00c9LANGE EN SILICONE"},"content":{"rendered":"<p class=\"p1\">Fouet m\u00e9langeur id\u00e9al pour m\u00e9langer les peintures \u00e0 l&rsquo;eau et les colorants. Gr\u00e2ce \u00e0 sa composition en silicone, un m\u00e9lange efficace de peinture blanche ou color\u00e9e est garanti et surtout, gr\u00e2ce \u00e0 la souplesse des membranes du ventilateur, le nettoyage des parois de l&#8217;emballage est plus efficace, \u00e9vitant ainsi de gros gaspillages de peinture.<\/p>\n","protected":false},"excerpt":{"rendered":"<p class=\"p1\">Tige de m\u00e9lange en silicone pour perceuse-visseuse<\/p>\n","protected":false},"featured_media":9750,"comment_status":"closed","ping_status":"closed","template":"","meta":{"_acf_changed":false},"product_brand":[],"product_cat":[219],"product_tag":[],"class_list":{"0":"post-9747","1":"product","2":"type-product","3":"status-publish","4":"has-post-thumbnail","6":"product_cat-accessoires-et-pieces-detachees","8":"first","9":"instock","10":"taxable","11":"shipping-taxable","12":"purchasable","13":"product-type-simple"},"acf":[],"_links":{"self":[{"href":"https:\/\/tintosmart.it\/fr\/wp-json\/wp\/v2\/product\/9747","targetHints":{"allow":["GET"]}}],"collection":[{"href":"https:\/\/tintosmart.it\/fr\/wp-json\/wp\/v2\/product"}],"about":[{"href":"https:\/\/tintosmart.it\/fr\/wp-json\/wp\/v2\/types\/product"}],"replies":[{"embeddable":true,"href":"https:\/\/tintosmart.it\/fr\/wp-json\/wp\/v2\/comments?post=9747"}],"wp:featuredmedia":[{"embeddable":true,"href":"https:\/\/tintosmart.it\/fr\/wp-json\/wp\/v2\/media\/9750"}],"wp:attachment":[{"href":"https:\/\/tintosmart.it\/fr\/wp-json\/wp\/v2\/media?parent=9747"}],"wp:term":[{"taxonomy":"product_brand","embeddable":true,"href":"https:\/\/tintosmart.it\/fr\/wp-json\/wp\/v2\/product_brand?post=9747"},{"taxonomy":"product_cat","embeddable":true,"href":"https:\/\/tintosmart.it\/fr\/wp-json\/wp\/v2\/product_cat?post=9747"},{"taxonomy":"product_tag","embeddable":true,"href":"https:\/\/tintosmart.it\/fr\/wp-json\/wp\/v2\/product_tag?post=9747"}],"curies":[{"name":"wp","href":"https:\/\/api.w.org\/{rel}","templated":true}]}}